{"id":8067,"date":"2022-12-11T16:29:00","date_gmt":"2022-12-11T15:29:00","guid":{"rendered":"https:\/\/demo.casethemes.net\/adsett\/?page_id=8067"},"modified":"2025-11-09T06:33:13","modified_gmt":"2025-11-09T06:33:13","slug":"delineacion-tecnica-2d-3d","status":"publish","type":"page","link":"https:\/\/proylex.com\/en\/delineacion-tecnica-2d-3d\/","title":{"rendered":"Delineaci\u00f3n T\u00e9cnica 2D \/ 3D"},"content":{"rendered":"<div data-elementor-type=\"wp-page\" data-elementor-id=\"8067\" class=\"elementor elementor-8067\" data-elementor-post-type=\"page\">\n\t\t\t\t        <section class=\"elementor-section elementor-top-section elementor-element elementor-element-290fe0b elementor-section-boxed elementor-section-height-default elementor-section-height-default pxl-section-line-left-no pxl-section-line-right-no pxl-section-static-pos-no pxl-section-overflow-hidden-no\" data-id=\"290fe0b\" data-element_type=\"section\">\n\n                \n                <div class=\"elementor-container elementor-column-gap-default\">\n                <div class=\"elementor-column elementor-col-50 elementor-top-column elementor-element elementor-element-e256b93 pxl-column-element-default pxl-column-overflow-hidden-no\" data-id=\"e256b93\" data-element_type=\"column\">\r\n        <div class=\"elementor-widget-wrap elementor-element-populated\">\r\n                     \r\n        \t\t<div class=\"elementor-element elementor-element-e381098 pxl-wg-bd-anm-no elementor-widget elementor-widget-pxl_image\" data-id=\"e381098\" data-element_type=\"widget\" data-widget_type=\"pxl_image.default\">\n\t\t\t\t<div class=\"elementor-widget-container\">\n\t\t\t\t\t<div id=\"pxl_image-e381098-3856\" class=\"pxl-image-wg\">\r\n\t\t<img data-opt-id=1534022519  fetchpriority=\"high\" decoding=\"async\" width=\"1280\" height=\"683\" src=\"https:\/\/ml4anbow0bf5.i.optimole.com\/w:auto\/h:auto\/q:mauto\/f:best\/https:\/\/proylex.com\/wp-content\/uploads\/2025\/11\/hallway-2228277_1280-1.jpg\" class=\"attachment-full size-full wp-image-10604\" alt=\"\" srcset=\"https:\/\/ml4anbow0bf5.i.optimole.com\/w:1280\/h:683\/q:mauto\/f:best\/https:\/\/proylex.com\/wp-content\/uploads\/2025\/11\/hallway-2228277_1280-1.jpg 1280w, https:\/\/ml4anbow0bf5.i.optimole.com\/w:768\/h:410\/q:mauto\/f:best\/https:\/\/proylex.com\/wp-content\/uploads\/2025\/11\/hallway-2228277_1280-1.jpg 768w, https:\/\/ml4anbow0bf5.i.optimole.com\/w:1170\/h:624\/q:mauto\/f:best\/https:\/\/proylex.com\/wp-content\/uploads\/2025\/11\/hallway-2228277_1280-1.jpg 1170w, https:\/\/ml4anbow0bf5.i.optimole.com\/w:1280\/h:683\/q:mauto\/f:best\/dpr:2\/https:\/\/proylex.com\/wp-content\/uploads\/2025\/11\/hallway-2228277_1280-1.jpg 2x\" sizes=\"(max-width: 1200px) 100vw, 1200px\" \/>\t<\/div>\r\n\t\t\t\t<\/div>\n\t\t\t\t<\/div>\n\t\t\t\t<div class=\"elementor-element elementor-element-b092424 pxl-wg-bd-anm-no elementor-widget elementor-widget-pxl_text_editor\" data-id=\"b092424\" data-element_type=\"widget\" data-widget_type=\"pxl_text_editor.default\">\n\t\t\t\t<div class=\"elementor-widget-container\">\n\t\t\t\t\t<div id=\"pxl_text_editor-b092424-3393\" class=\"pxl-text-editor-wrap d-flex\" >\n\t<div class=\"pxl-text-editor elementor-clearfix\">\n\t\t<p>En PROYLEX desarrollamos delineaci\u00f3n t\u00e9cnica 2D y 3D con calidad profesional, cumpliendo normativas, escalas y convenciones gr\u00e1ficas oficiales.<br data-start=\"857\" data-end=\"860\" \/>Desde planos arquitect\u00f3nicos hasta detalles constructivos, entregamos documentaci\u00f3n clara, precisa y lista para obra, licencias o coordinaci\u00f3n t\u00e9cnica.<\/p>\t\t\n\t<\/div>\n<\/div>\t\t\t\t<\/div>\n\t\t\t\t<\/div>\n\t\t\t\t<div class=\"elementor-element elementor-element-636ebab pxl-wg-bd-anm-no elementor-widget elementor-widget-pxl_heading\" data-id=\"636ebab\" data-element_type=\"widget\" data-widget_type=\"pxl_heading.default\">\n\t\t\t\t<div class=\"elementor-widget-container\">\n\t\t\t\t\t<div class=\"pxl-heading-wrap d-flex\">\n    <div class=\"pxl-heading-inner\">\n                <div class=\"heading-title\">\n            \u00bfComo se trabaja?        <\/div>\n            <\/div>\n<\/div>\n\n\t\t\t\t<\/div>\n\t\t\t\t<\/div>\n\t\t\t\t<div class=\"elementor-element elementor-element-8770394 pxl-wg-bd-anm-no elementor-widget elementor-widget-pxl_text_editor\" data-id=\"8770394\" data-element_type=\"widget\" data-widget_type=\"pxl_text_editor.default\">\n\t\t\t\t<div class=\"elementor-widget-container\">\n\t\t\t\t\t<div id=\"pxl_text_editor-8770394-5256\" class=\"pxl-text-editor-wrap d-flex\" >\n\t<div class=\"pxl-text-editor elementor-clearfix\">\n\t\t<p>Utilizamos software de alta precisi\u00f3n como AutoCAD, Revit y Civil 3D, garantizando planos coherentes, actualizados y compatibles con cualquier disciplina del proyecto.<br data-start=\"1229\" data-end=\"1232\" \/>Nuestra delineaci\u00f3n evita errores en obra, reduce reprocesos y facilita la comunicaci\u00f3n entre arquitectos, ingenieros y constructoras.<\/p>\t\t\n\t<\/div>\n<\/div>\t\t\t\t<\/div>\n\t\t\t\t<\/div>\n\t\t\t\t<div class=\"elementor-element elementor-element-a1a16e6 pxl-wg-bd-anm-no elementor-widget elementor-widget-pxl_text_editor\" data-id=\"a1a16e6\" data-element_type=\"widget\" data-widget_type=\"pxl_text_editor.default\">\n\t\t\t\t<div class=\"elementor-widget-container\">\n\t\t\t\t\t<div id=\"pxl_text_editor-a1a16e6-6631\" class=\"pxl-text-editor-wrap d-flex\" >\n\t<div class=\"pxl-text-editor elementor-clearfix\">\n\t\t<p data-start=\"1404\" data-end=\"1424\"><strong data-start=\"1404\" data-end=\"1424\">\u00bfQu\u00e9 entregamos?<\/strong><\/p><ul><li data-start=\"1427\" data-end=\"1459\">Planos arquitect\u00f3nicos 2D y 3D<\/li><li data-start=\"1462\" data-end=\"1512\">Planimetr\u00eda estructural y detalles constructivos<\/li><li data-start=\"1515\" data-end=\"1599\">Redes e instalaciones (el\u00e9ctricas, hidrosanitarias, HVAC, fire, voz y datos, etc.)<\/li><li data-start=\"1602\" data-end=\"1640\">Plantas, cortes, fachadas y acotados<\/li><li data-start=\"1643\" data-end=\"1684\">Cuadros de \u00e1reas, listados y simbolog\u00eda<\/li><li data-start=\"1687\" data-end=\"1738\">Modelos 3D listos para renders o coordinaci\u00f3n BIM<\/li><li data-start=\"1741\" data-end=\"1781\">Archivo editable (DWG \/ RVT \/ IFC \/ PDF)<\/li><\/ul>\t\t\n\t<\/div>\n<\/div>\t\t\t\t<\/div>\n\t\t\t\t<\/div>\n\t\t        <section class=\"elementor-section elementor-inner-section elementor-element elementor-element-48c5831 elementor-section-boxed elementor-section-height-default elementor-section-height-default pxl-section-line-left-no pxl-section-line-right-no pxl-section-static-pos-no pxl-section-overflow-hidden-no\" data-id=\"48c5831\" data-element_type=\"section\">\n\n                \n                <div class=\"elementor-container elementor-column-gap-default\">\n                <div class=\"elementor-column elementor-col-50 elementor-inner-column elementor-element elementor-element-fbefa1a pxl-column-element-default\" data-id=\"fbefa1a\" data-element_type=\"column\">\r\n        <div class=\"elementor-widget-wrap elementor-element-populated\">\r\n                     \r\n        \t\t<div class=\"elementor-element elementor-element-85f5fd7 overflow-hidden pxl-wg-bd-anm-no elementor-widget elementor-widget-pxl_image\" data-id=\"85f5fd7\" data-element_type=\"widget\" data-widget_type=\"pxl_image.default\">\n\t\t\t\t<div class=\"elementor-widget-container\">\n\t\t\t\t\t<div id=\"pxl_image-85f5fd7-9917\" class=\"pxl-image-wg\">\r\n\t\t<img data-opt-id=1582366863  fetchpriority=\"high\" decoding=\"async\" width=\"609\" height=\"405\" src=\"https:\/\/ml4anbow0bf5.i.optimole.com\/w:auto\/h:auto\/q:mauto\/f:best\/https:\/\/proylex.com\/wp-content\/uploads\/2022\/12\/service-detail-img2.jpg\" class=\"elementor-animation-grow attachment-full size-full wp-image-8088\" alt=\"\" srcset=\"https:\/\/ml4anbow0bf5.i.optimole.com\/w:609\/h:405\/q:mauto\/f:best\/https:\/\/proylex.com\/wp-content\/uploads\/2022\/12\/service-detail-img2.jpg 609w, https:\/\/ml4anbow0bf5.i.optimole.com\/w:609\/h:405\/q:mauto\/f:best\/dpr:2\/https:\/\/proylex.com\/wp-content\/uploads\/2022\/12\/service-detail-img2.jpg 2x\" sizes=\"(max-width: 609px) 100vw, 609px\" \/>\t<\/div>\r\n\t\t\t\t<\/div>\n\t\t\t\t<\/div>\n\t\t            <\/div>\r\n        <\/div>\r\n                <div class=\"elementor-column elementor-col-50 elementor-inner-column elementor-element elementor-element-5f1098c pxl-column-element-default pxl-column-overflow-hidden-no\" data-id=\"5f1098c\" data-element_type=\"column\">\r\n        <div class=\"elementor-widget-wrap elementor-element-populated\">\r\n                     \r\n        \t\t<div class=\"elementor-element elementor-element-da04509 overflow-hidden pxl-wg-bd-anm-no elementor-widget elementor-widget-pxl_image\" data-id=\"da04509\" data-element_type=\"widget\" data-widget_type=\"pxl_image.default\">\n\t\t\t\t<div class=\"elementor-widget-container\">\n\t\t\t\t\t<div id=\"pxl_image-da04509-9018\" class=\"pxl-image-wg\">\r\n\t\t<img data-opt-id=1013577113  data-opt-src=\"https:\/\/ml4anbow0bf5.i.optimole.com\/w:auto\/h:auto\/q:mauto\/f:best\/https:\/\/proylex.com\/wp-content\/uploads\/2022\/12\/service-detail-img3.jpg\"  decoding=\"async\" width=\"609\" height=\"405\" src=\"data:image/svg+xml,%3Csvg%20viewBox%3D%220%200%20100%%20100%%22%20width%3D%22100%%22%20height%3D%22100%%22%20xmlns%3D%22http%3A%2F%2Fwww.w3.org%2F2000%2Fsvg%22%3E%3Crect%20width%3D%22100%%22%20height%3D%22100%%22%20fill%3D%22transparent%22%2F%3E%3C%2Fsvg%3E\" class=\"elementor-animation-grow attachment-full size-full wp-image-8089\" alt=\"\" old-srcset=\"https:\/\/ml4anbow0bf5.i.optimole.com\/w:609\/h:405\/q:mauto\/f:best\/https:\/\/proylex.com\/wp-content\/uploads\/2022\/12\/service-detail-img3.jpg 609w, https:\/\/ml4anbow0bf5.i.optimole.com\/w:609\/h:405\/q:mauto\/f:best\/dpr:2\/https:\/\/proylex.com\/wp-content\/uploads\/2022\/12\/service-detail-img3.jpg 2x\" \/>\t<\/div>\r\n\t\t\t\t<\/div>\n\t\t\t\t<\/div>\n\t\t            <\/div>\r\n        <\/div>\r\n        \t\t\t<\/div>\n\t\t<\/section>\n\t\t\t\t<div class=\"elementor-element elementor-element-e372fd0 pxl-wg-bd-anm-no elementor-widget elementor-widget-pxl_text_editor\" data-id=\"e372fd0\" data-element_type=\"widget\" data-widget_type=\"pxl_text_editor.default\">\n\t\t\t\t<div class=\"elementor-widget-container\">\n\t\t\t\t\t<div id=\"pxl_text_editor-e372fd0-6620\" class=\"pxl-text-editor-wrap d-flex\" >\n\t<div class=\"pxl-text-editor elementor-clearfix\">\n\t\t<p data-start=\"1822\" data-end=\"1865\"><strong data-start=\"1822\" data-end=\"1865\">\u00bfPor qu\u00e9 nuestro servicio es diferente?<\/strong><\/p><ul><li data-start=\"1868\" data-end=\"1917\">Precisi\u00f3n profesional y normativas actualizadas<\/li><li data-start=\"1920\" data-end=\"1963\">Entregas r\u00e1pidas y con control de calidad<\/li><li data-start=\"1966\" data-end=\"2017\">Compatible con arquitectos e ingenier\u00edas externas<\/li><li data-start=\"2020\" data-end=\"2072\">Menos errores en obra y mejor comunicaci\u00f3n t\u00e9cnica<\/li><li data-start=\"2075\" data-end=\"2129\">Ideal para licencias, remodelaciones y planos as-built<\/li><\/ul>\t\t\n\t<\/div>\n<\/div>\t\t\t\t<\/div>\n\t\t\t\t<\/div>\n\t\t\t\t<div class=\"elementor-element elementor-element-f20a593 pxl-wg-bd-anm-no elementor-widget elementor-widget-pxl_heading\" data-id=\"f20a593\" data-element_type=\"widget\" data-widget_type=\"pxl_heading.default\">\n\t\t\t\t<div class=\"elementor-widget-container\">\n\t\t\t\t\t<div class=\"pxl-heading-wrap d-flex\">\n    <div class=\"pxl-heading-inner\">\n                <div class=\"heading-title\">\n            Transformamos ideas en planos profesionales listos para construir        <\/div>\n            <\/div>\n<\/div>\n\n\t\t\t\t<\/div>\n\t\t\t\t<\/div>\n\t\t            <\/div>\r\n        <\/div>\r\n                <div class=\"elementor-column elementor-col-50 elementor-top-column elementor-element elementor-element-b70c684 pxl-column-element-default pxl-column-overflow-hidden-no\" data-id=\"b70c684\" data-element_type=\"column\">\r\n        <div class=\"elementor-widget-wrap elementor-element-populated\">\r\n                     \r\n        \t\t<div class=\"elementor-element elementor-element-5846fb6 pxl-wg-bd-anm-no elementor-widget elementor-widget-pxl_heading\" data-id=\"5846fb6\" data-element_type=\"widget\" data-widget_type=\"pxl_heading.default\">\n\t\t\t\t<div class=\"elementor-widget-container\">\n\t\t\t\t\t<div class=\"pxl-heading-wrap d-flex\">\n    <div class=\"pxl-heading-inner\">\n                <div class=\"heading-title\">\n            Servicios        <\/div>\n            <\/div>\n<\/div>\n\n\t\t\t\t<\/div>\n\t\t\t\t<\/div>\n\t\t\t\t<div class=\"elementor-element elementor-element-d197911 pxl-links-layout-2 pxl-wg-bd-anm-yes elementor-widget elementor-widget-pxl_links\" data-id=\"d197911\" data-element_type=\"widget\" data-widget_type=\"pxl_links.default\">\n\t\t\t\t<div class=\"elementor-widget-container\">\n\t\t\t\t\t<div class=\"pxl-border-animated num-4\">\r\n        <div class=\"pxl-border-anm bt w-100  bw-yes\" style=\"--bd-width: 1px 0 0 0; border-style: solid; border-color: #F4F5F5;\"><\/div>\r\n        <div class=\"pxl-border-anm br h-100  bw-yes\" style=\"--bd-width: 0 1px 0 0; border-style: solid; border-color: #F4F5F5;\"><\/div>\r\n        <div class=\"pxl-border-anm bb w-100  bw-yes\" style=\"--bd-width: 0 0 1px 0; border-style: solid; border-color: #F4F5F5;\"><\/div>\r\n        <div class=\"pxl-border-anm bl h-100  bw-yes\" style=\"--bd-width: 0 0 0 1px; border-style: solid; border-color: #F4F5F5;\"><\/div>\r\n        <\/div>    <ul class=\"pxl-links d-flex flex-column layout-2 list-unstyled\">\r\n                            <li class=\"link-item\">\r\n                        <a href=\"https:\/\/proylex.com\/en\/delineacion-tecnica-2d-3d\/\" target=\"_blank\">\r\n                            <span>Delineaci\u00f3n T\u00e9cnica 2D \/ 3D<\/span>\r\n                        <\/a>\r\n                    <\/li>\r\n                                \r\n                            <li class=\"link-item\">\r\n                        <a href=\"https:\/\/proylex.com\/en\/modelado-3d-avanzado\/\" target=\"_blank\">\r\n                            <span>Modelado 3D Avanzado<\/span>\r\n                        <\/a>\r\n                    <\/li>\r\n                                \r\n                            <li class=\"link-item\">\r\n                        <a href=\"https:\/\/proylex.com\/en\/modelado-bim-en-revit\/\">\r\n                            <span>Modelado BIM en Revit<\/span>\r\n                        <\/a>\r\n                    <\/li>\r\n                                \r\n                            <li class=\"link-item\">\r\n                        <a href=\"https:\/\/proylex.com\/en\/civil-3d-carreteras-y-obras-lineales\/\">\r\n                            <span>Civil 3D \u2013 Carreteras y Obras Lineales<\/span>\r\n                        <\/a>\r\n                    <\/li>\r\n                                \r\n                            <li class=\"link-item\">\r\n                        <a href=\"https:\/\/proylex.com\/en\/topografia-y-superficies\/\">\r\n                            <span>Topograf\u00eda y Superficies<\/span>\r\n                        <\/a>\r\n                    <\/li>\r\n                                \r\n                            <li class=\"link-item\">\r\n                        <a href=\"https:\/\/proylex.com\/en\/planos-electricos-y-de-detalle-para-energias-renovables-y-redes-hv\/\">\r\n                            <span>Planos el\u00e9ctricos y de detalle para energ\u00edas renovables y redes HV <\/span>\r\n                        <\/a>\r\n                    <\/li>\r\n                                \r\n                            <li class=\"link-item\">\r\n                        <a href=\"https:\/\/proylex.com\/en\/servicios-de-apoyo-tecnico\/\">\r\n                            <span>Servicios de apoyo t\u00e9cnico<\/span>\r\n                        <\/a>\r\n                    <\/li>\r\n                                \r\n            <\/ul>\r\n\t\t\t\t<\/div>\n\t\t\t\t<\/div>\n\t\t\t\t<div class=\"elementor-element elementor-element-629d118 pxl-banner-layout-2 pxl-wg-bd-anm-no elementor-invisible pxl-elementor-animate elementor-widget elementor-widget-pxl_banner\" data-id=\"629d118\" data-element_type=\"widget\" data-settings=\"{&quot;_animation&quot;:&quot;fadeInUp&quot;}\" data-widget_type=\"pxl_banner.default\">\n\t\t\t\t<div class=\"elementor-widget-container\">\n\t\t\t\t\t<div class=\"pxl-banner layout-2\">\r\n    <div class=\"banner-inner relative overflow-hidden pxl-parallax-background\">\r\n        <img data-opt-id=2099789833  data-opt-src=\"https:\/\/ml4anbow0bf5.i.optimole.com\/w:596\/h:500\/q:mauto\/f:best\/https:\/\/proylex.com\/wp-content\/uploads\/2022\/12\/service-detail-img4s.jpg\"  loading=\"lazy\" decoding=\"async\" class=\"\" src=\"data:image/svg+xml,%3Csvg%20viewBox%3D%220%200%20596%20500%22%20width%3D%22596%22%20height%3D%22500%22%20xmlns%3D%22http%3A%2F%2Fwww.w3.org%2F2000%2Fsvg%22%3E%3Crect%20width%3D%22596%22%20height%3D%22500%22%20fill%3D%22transparent%22%2F%3E%3C%2Fsvg%3E\" width=\"596\" height=\"500\" alt=\"service-detail-img4s\" title=\"service-detail-img4s\" \/>            <div class=\"img-box parallax-inner\" style=\"background-image: url('https:\/\/ml4anbow0bf5.i.optimole.com\/w:auto\/h:auto\/q:mauto\/f:best\/http:\/\/proylex.com\/wp-content\/uploads\/2022\/12\/service-detail-img4s.jpg');\" ><\/div>\r\n                <div class=\"pxl-overlay\"><\/div>\r\n        <div class=\"bn-content text-center absolute\">\r\n                            <a href=\"#\">\r\n                                        <div class=\"bn-title\" data-parallax='{\"y\": -30}'>\u00a1Escr\u00edbenos ahora para comenzar!<\/div>\r\n             \r\n                            <\/a>\r\n                    <\/div>\r\n    <\/div>\r\n<\/div>\t\t\t\t<\/div>\n\t\t\t\t<\/div>\n\t\t\t\t<div class=\"elementor-element elementor-element-878c95a pxl-fancybox-layout-6 pxl-wg-bd-anm-no elementor-invisible pxl-elementor-animate elementor-widget elementor-widget-pxl_fancy_box\" data-id=\"878c95a\" data-element_type=\"widget\" data-settings=\"{&quot;_animation&quot;:&quot;fadeInUp&quot;}\" data-widget_type=\"pxl_fancy_box.default\">\n\t\t\t\t<div class=\"elementor-widget-container\">\n\t\t\t\t\t \r\n<div class=\"pxl-fancybox-wrap layout-6\">\r\n    <div class=\"fancybox-inner relative\">\r\n                    <div class=\"title pxl-heading\">\r\n                658 718 191<br \/>\n            <\/div>\r\n                        <div class=\"desc\">\r\n            Impact Hub Madrid, Calle de Serrano 99, Madrid<br \/>\n        <\/div>\r\n                <a class=\"btn pxl-btn\" href=\"https:\/\/proylex.com\/en\/contact-2\/\" target=\"_blank\">\u00a1Cont\u00e1ctanos ahora!<\/a>    <\/div>  \r\n<\/div>\r\n \r\n\r\n\r\n\r\n\t\t\t\t<\/div>\n\t\t\t\t<\/div>\n\t\t            <\/div>\r\n        <\/div>\r\n        \t\t\t<\/div>\n\t\t<\/section>\n\t\t        <section class=\"elementor-section elementor-top-section elementor-element elementor-element-20178e5 pxl-section-overflow-hidden-yes elementor-section-boxed elementor-section-height-default elementor-section-height-default pxl-section-line-left-no pxl-section-line-right-no pxl-section-static-pos-no\" data-id=\"20178e5\" data-element_type=\"section\">\n\n        <div class=\"pxl-section-bg-parallax\" data-parallax=\"{&quot;y&quot;:-100}\"><\/div>        \n                <div class=\"elementor-container elementor-column-gap-default\">\n                <div class=\"elementor-column elementor-col-100 elementor-top-column elementor-element elementor-element-3a619cc pxl-column-element-default pxl-column-overflow-hidden-no\" data-id=\"3a619cc\" data-element_type=\"column\">\r\n        <div class=\"elementor-widget-wrap elementor-element-populated\">\r\n                     \r\n        \t\t<div class=\"elementor-element elementor-element-44c510b pxl-wg-bd-anm-no elementor-widget elementor-widget-pxl_heading\" data-id=\"44c510b\" data-element_type=\"widget\" data-widget_type=\"pxl_heading.default\">\n\t\t\t\t<div class=\"elementor-widget-container\">\n\t\t\t\t\t<div class=\"pxl-heading-wrap d-flex\">\n    <div class=\"pxl-heading-inner center\">\n                <h2 class=\"heading-title pxl-split-text split-in-up\">\n            \u00bfQuieres <span class=\"text-primary\">contratarnos<\/span>?        <\/h2>\n            <\/div>\n<\/div>\n\n\t\t\t\t<\/div>\n\t\t\t\t<\/div>\n\t\t\t\t<div class=\"elementor-element elementor-element-a5a8e7b elementor-align-center pxl-wg-bd-anm-no elementor-invisible pxl-elementor-animate elementor-widget elementor-widget-pxl_button\" data-id=\"a5a8e7b\" data-element_type=\"widget\" data-settings=\"{&quot;_animation&quot;:&quot;fadeInUp&quot;}\" data-widget_type=\"pxl_button.default\">\n\t\t\t\t<div class=\"elementor-widget-container\">\n\t\t\t\t\t<div id=\"pxl_button-a5a8e7b-9352\" class=\"pxl-button-wrapper d-flex-wrap pxl-button-layout1\" >\r\n            <a href=\"https:\/\/proylex.com\/en\/contact-2\/\" class=\"pxl-btn outline-under draw icon-ps-right\">\r\n             \r\n                <span class=\"draw-top-right\"><\/span>\r\n                <span class=\"draw-bottom-left\"><\/span>\r\n                                    <span class=\"pxl-button-text\">Cont\u00e1ctanos<\/span>\r\n                    <\/a>\r\n    <\/div>\t\t\t\t<\/div>\n\t\t\t\t<\/div>\n\t\t            <\/div>\r\n        <\/div>\r\n        \t\t\t<\/div>\n\t\t<\/section>\n\t\t        <section class=\"elementor-section elementor-top-section elementor-element elementor-element-0346a94 elementor-section-full_width elementor-section-height-default elementor-section-height-default pxl-section-offset-none pxl-section-line-left-no pxl-section-line-right-no pxl-section-static-pos-no pxl-section-overflow-hidden-no\" data-id=\"0346a94\" data-element_type=\"section\">\n\n                \n                <div class=\"elementor-container elementor-column-gap-default\">\n                <div class=\"elementor-column elementor-col-100 elementor-top-column elementor-element elementor-element-be5f8b7 pxl-column-element-default pxl-column-overflow-hidden-no\" data-id=\"be5f8b7\" data-element_type=\"column\">\r\n        <div class=\"elementor-widget-wrap elementor-element-populated\">\r\n                     \r\n        \t\t<div class=\"elementor-element elementor-element-01c6977 pxl-wg-bd-anm-no elementor-widget elementor-widget-pxl_title_effect\" data-id=\"01c6977\" data-element_type=\"widget\" data-widget_type=\"pxl_title_effect.default\">\n\t\t\t\t<div class=\"elementor-widget-container\">\n\t\t\t\t\t\t<div class=\"pxl-title-effect scroll-parallax pxl-type-gradient\">\n\t\t<div class=\"pxl-title-inner-wrap\">\n\t\t\t<div class=\"pxl-title-inner\">\n\t\t\t\t<div class=\"pxl-item-title\" data-parallax=\"{&quot;x&quot;:500}\" data-center=\"true\">Proylex<\/div>\n\t\t\t\t\t\t\t<\/div>\n\t\t<\/div>\n\t<\/div> \n\t\t\t\t<\/div>\n\t\t\t\t<\/div>\n\t\t\t\t<div class=\"elementor-element elementor-element-4b9272f pxl-wg-bd-anm-no elementor-widget elementor-widget-spacer\" data-id=\"4b9272f\" data-element_type=\"widget\" data-widget_type=\"spacer.default\">\n\t\t\t\t<div class=\"elementor-widget-container\">\n\t\t\t\t\t\t\t<div class=\"elementor-spacer\">\n\t\t\t<div class=\"elementor-spacer-inner\"><\/div>\n\t\t<\/div>\n\t\t\t\t\t\t<\/div>\n\t\t\t\t<\/div>\n\t\t            <\/div>\r\n        <\/div>\r\n        \t\t\t<\/div>\n\t\t<\/section>\n\t\t        <section class=\"elementor-section elementor-top-section elementor-element elementor-element-6ccd60e elementor-section-content-middle elementor-section-boxed elementor-section-height-default elementor-section-height-default pxl-section-line-left-no pxl-section-line-right-no pxl-section-static-pos-no pxl-section-overflow-hidden-no\" data-id=\"6ccd60e\" data-element_type=\"section\">\n\n                \n                <div class=\"elementor-container elementor-column-gap-default\">\n                <div class=\"elementor-column elementor-col-25 elementor-top-column elementor-element elementor-element-f565890 pxl-column-element-default pxl-column-overflow-hidden-no\" data-id=\"f565890\" data-element_type=\"column\">\r\n        <div class=\"elementor-widget-wrap\">\r\n                     \r\n                    <\/div>\r\n        <\/div>\r\n                <div class=\"elementor-column elementor-col-25 elementor-top-column elementor-element elementor-element-2fce9e5 pxl-column-element-default pxl-column-overflow-hidden-no\" data-id=\"2fce9e5\" data-element_type=\"column\">\r\n        <div class=\"elementor-widget-wrap\">\r\n                     \r\n                    <\/div>\r\n        <\/div>\r\n                <div class=\"elementor-column elementor-col-25 elementor-top-column elementor-element elementor-element-57f6ddb pxl-column-element-default pxl-column-overflow-hidden-no\" data-id=\"57f6ddb\" data-element_type=\"column\">\r\n        <div class=\"elementor-widget-wrap\">\r\n                     \r\n                    <\/div>\r\n        <\/div>\r\n                <div class=\"elementor-column elementor-col-25 elementor-top-column elementor-element elementor-element-4ecc97e pxl-column-element-default pxl-column-overflow-hidden-no\" data-id=\"4ecc97e\" data-element_type=\"column\">\r\n        <div class=\"elementor-widget-wrap\">\r\n                     \r\n                    <\/div>\r\n        <\/div>\r\n        \t\t\t<\/div>\n\t\t<\/section>\n\t\t\t\t<\/div>","protected":false},"excerpt":{"rendered":"<p>En PROYLEX desarrollamos delineaci\u00f3n t\u00e9cnica 2D y 3D con calidad profesional, cumpliendo normativas, escalas y convenciones gr\u00e1ficas oficiales.Desde planos arquitect\u00f3nicos hasta detalles constructivos, entregamos documentaci\u00f3n clara, precisa y lista para obra, licencias o coordinaci\u00f3n t\u00e9cnica. \u00bfComo se trabaja? Utilizamos software de alta precisi\u00f3n como AutoCAD, Revit y Civil 3D, garantizando planos coherentes, actualizados y compatibles [&hellip;]<\/p>","protected":false},"author":1,"featured_media":0,"parent":0,"menu_order":0,"comment_status":"closed","ping_status":"closed","template":"","meta":{"iawp_total_views":2,"footnotes":""},"class_list":["post-8067","page","type-page","status-publish","hentry"],"acf":[],"_links":{"self":[{"href":"https:\/\/proylex.com\/en\/wp-json\/wp\/v2\/pages\/8067","targetHints":{"allow":["GET"]}}],"collection":[{"href":"https:\/\/proylex.com\/en\/wp-json\/wp\/v2\/pages"}],"about":[{"href":"https:\/\/proylex.com\/en\/wp-json\/wp\/v2\/types\/page"}],"author":[{"embeddable":true,"href":"https:\/\/proylex.com\/en\/wp-json\/wp\/v2\/users\/1"}],"replies":[{"embeddable":true,"href":"https:\/\/proylex.com\/en\/wp-json\/wp\/v2\/comments?post=8067"}],"version-history":[{"count":17,"href":"https:\/\/proylex.com\/en\/wp-json\/wp\/v2\/pages\/8067\/revisions"}],"predecessor-version":[{"id":10693,"href":"https:\/\/proylex.com\/en\/wp-json\/wp\/v2\/pages\/8067\/revisions\/10693"}],"wp:attachment":[{"href":"https:\/\/proylex.com\/en\/wp-json\/wp\/v2\/media?parent=8067"}],"curies":[{"name":"wp","href":"https:\/\/api.w.org\/{rel}","templated":true}]}}