{"id":7863,"date":"2022-12-11T03:40:33","date_gmt":"2022-12-11T02:40:33","guid":{"rendered":"https:\/\/demo.casethemes.net\/adsett\/?page_id=7863"},"modified":"2025-11-09T19:09:09","modified_gmt":"2025-11-09T19:09:09","slug":"servicios","status":"publish","type":"page","link":"https:\/\/proylex.com\/en\/servicios\/","title":{"rendered":"Servicios"},"content":{"rendered":"<div data-elementor-type=\"wp-page\" data-elementor-id=\"7863\" class=\"elementor elementor-7863\" data-elementor-post-type=\"page\">\n\t\t\t\t        <section class=\"elementor-section elementor-top-section elementor-element elementor-element-3fec939 elementor-section-boxed elementor-section-height-default elementor-section-height-default pxl-section-line-left-no pxl-section-line-right-no pxl-section-static-pos-no pxl-section-overflow-hidden-no\" data-id=\"3fec939\" data-element_type=\"section\">\n\n                \n                <div class=\"elementor-container elementor-column-gap-default\">\n                <div class=\"elementor-column elementor-col-100 elementor-top-column elementor-element elementor-element-a8034ba pxl-column-element-default pxl-column-overflow-hidden-no\" data-id=\"a8034ba\" data-element_type=\"column\">\r\n        <div class=\"elementor-widget-wrap elementor-element-populated\">\r\n                     \r\n        \t\t<div class=\"elementor-element elementor-element-670e582 pxl-wg-bd-anm-no elementor-widget elementor-widget-pxl_service_grid\" data-id=\"670e582\" data-element_type=\"widget\" data-widget_type=\"pxl_service_grid.default\">\n\t\t\t\t<div class=\"elementor-widget-container\">\n\t\t\t\t\t\r\n\r\n    <div id=\"670e582\" class=\"pxl-grid pxl-service-grid clearfix layout-1 truncate-title-yes has-loadmore\" data-layout-mode=\"fitRows\" data-total=\"7\" data-show=\"6\" data-loadmore=\"6\">\r\n        <div class=\"pxl-grid-inner pxl-grid-masonry row relative overflow-hidden\"> \r\n            \r\n                <div class=\"grid-item col-xxl-4 col-xl-4 col-lg-6 col-md-6 col-sm-12 col-12\">\r\n                    <div class=\"grid-item-inner relative item-inner-wrap overflow-hidden\" >\r\n                                                    <div class=\"item-img-wrap relative overflow-hidden\">\r\n                                <img data-opt-id=244588209  fetchpriority=\"high\" decoding=\"async\" class=\"no-lazyload\" src=\"https:\/\/ml4anbow0bf5.i.optimole.com\/w:666\/h:522\/q:mauto\/f:best\/https:\/\/proylex.com\/wp-content\/uploads\/2022\/12\/service-g1.jpg\" width=\"666\" height=\"522\" alt=\"service-g1\" title=\"service-g1\" \/>                                <div class=\"pxl-overlay\"><\/div>\r\n                            <\/div>\r\n                                                 \r\n                        <div class=\"item-title-wrap d-flex\">\r\n                            <div class=\"title-inner d-flex justify-content-end align-items-center\">\r\n                                                                    <h5 class=\"title col\">DELINEACI\u00d3N T\u00c9CNICA 2D \/ 3D<\/h5>\r\n                                                                                                    <a class=\"pxl-readmore-arrow col-auto\" href=\"https:\/\/proylex.com\/en\/delineacion-tecnica-2d-3d\/\"><span class=\"pxli pxli-right-arrow1\"><\/span><\/a>\r\n                                                            <\/div>     \r\n                        <\/div>\r\n                        <div class=\"item-content-hover\">\r\n                            <div class=\"item-content-inner relative\">\r\n                                                                    <a class=\"pxl-readmore-arrow\" href=\"https:\/\/proylex.com\/en\/delineacion-tecnica-2d-3d\/\"><span class=\"pxli pxli-right-arrow1\"><\/span><\/a>\r\n                                                                                                    <h5 class=\"title\">DELINEACI\u00d3N T\u00c9CNICA 2D \/ 3D<\/h5>\r\n                                                                                                    <div class=\"desc\">Planos arquitect\u00f3nicos, estructurales e instalaciones con precisi\u00f3n profesional<\/div>\r\n                                                            <\/div>\r\n                        <\/div>\r\n                    <\/div>\r\n                <\/div>\r\n            \r\n                <div class=\"grid-item col-xxl-4 col-xl-4 col-lg-6 col-md-6 col-sm-12 col-12\">\r\n                    <div class=\"grid-item-inner relative item-inner-wrap overflow-hidden\" >\r\n                                                    <div class=\"item-img-wrap relative overflow-hidden\">\r\n                                <img data-opt-id=261671447  fetchpriority=\"high\" decoding=\"async\" class=\"no-lazyload\" src=\"https:\/\/ml4anbow0bf5.i.optimole.com\/w:666\/h:522\/q:mauto\/f:best\/https:\/\/proylex.com\/wp-content\/uploads\/2025\/11\/hallway-2228277_1280-1.jpg\" width=\"666\" height=\"522\" alt=\"hallway-2228277_1280\" title=\"hallway-2228277_1280\" \/>                                <div class=\"pxl-overlay\"><\/div>\r\n                            <\/div>\r\n                                                 \r\n                        <div class=\"item-title-wrap d-flex\">\r\n                            <div class=\"title-inner d-flex justify-content-end align-items-center\">\r\n                                                                    <h5 class=\"title col\">Modelado 3D Avanzado<\/h5>\r\n                                                                                                    <a class=\"pxl-readmore-arrow col-auto\" href=\"https:\/\/proylex.com\/en\/modelado-3d-avanzado\/\"><span class=\"pxli pxli-right-arrow1\"><\/span><\/a>\r\n                                                            <\/div>     \r\n                        <\/div>\r\n                        <div class=\"item-content-hover\">\r\n                            <div class=\"item-content-inner relative\">\r\n                                                                    <a class=\"pxl-readmore-arrow\" href=\"https:\/\/proylex.com\/en\/modelado-3d-avanzado\/\"><span class=\"pxli pxli-right-arrow1\"><\/span><\/a>\r\n                                                                                                    <h5 class=\"title\">Modelado 3D Avanzado<\/h5>\r\n                                                                                                    <div class=\"desc\">Modelado de elementos y entornos, con est\u00e1ndares de detalle y compatibilidad CAD\/BIM.<\/div>\r\n                                                            <\/div>\r\n                        <\/div>\r\n                    <\/div>\r\n                <\/div>\r\n            \r\n                <div class=\"grid-item col-xxl-4 col-xl-4 col-lg-6 col-md-6 col-sm-12 col-12\">\r\n                    <div class=\"grid-item-inner relative item-inner-wrap overflow-hidden\" >\r\n                                                    <div class=\"item-img-wrap relative overflow-hidden\">\r\n                                <img data-opt-id=1834798776  data-opt-src=\"https:\/\/ml4anbow0bf5.i.optimole.com\/w:666\/h:522\/q:mauto\/f:best\/https:\/\/proylex.com\/wp-content\/uploads\/2025\/11\/mechanics-9091501_1280.jpg\"  decoding=\"async\" class=\"no-lazyload\" src=\"data:image/svg+xml,%3Csvg%20viewBox%3D%220%200%20666%20522%22%20width%3D%22666%22%20height%3D%22522%22%20xmlns%3D%22http%3A%2F%2Fwww.w3.org%2F2000%2Fsvg%22%3E%3Crect%20width%3D%22666%22%20height%3D%22522%22%20fill%3D%22transparent%22%2F%3E%3C%2Fsvg%3E\" width=\"666\" height=\"522\" alt=\"mechanics-9091501_1280\" title=\"mechanics-9091501_1280\" \/>                                <div class=\"pxl-overlay\"><\/div>\r\n                            <\/div>\r\n                                                 \r\n                        <div class=\"item-title-wrap d-flex\">\r\n                            <div class=\"title-inner d-flex justify-content-end align-items-center\">\r\n                                                                    <h5 class=\"title col\">Modelado BIM en Revit<\/h5>\r\n                                                                                                    <a class=\"pxl-readmore-arrow col-auto\" href=\"https:\/\/proylex.com\/en\/modelado-bim-en-revit\/\"><span class=\"pxli pxli-right-arrow1\"><\/span><\/a>\r\n                                                            <\/div>     \r\n                        <\/div>\r\n                        <div class=\"item-content-hover\">\r\n                            <div class=\"item-content-inner relative\">\r\n                                                                    <a class=\"pxl-readmore-arrow\" href=\"https:\/\/proylex.com\/en\/modelado-bim-en-revit\/\"><span class=\"pxli pxli-right-arrow1\"><\/span><\/a>\r\n                                                                                                    <h5 class=\"title\">Modelado BIM en Revit<\/h5>\r\n                                                                                                    <div class=\"desc\">Arquitectura, estructuras y MEP. Coordinaci\u00f3n y detecci\u00f3n de interferencias.<\/div>\r\n                                                            <\/div>\r\n                        <\/div>\r\n                    <\/div>\r\n                <\/div>\r\n            \r\n                <div class=\"grid-item col-xxl-4 col-xl-4 col-lg-6 col-md-6 col-sm-12 col-12\">\r\n                    <div class=\"grid-item-inner relative item-inner-wrap overflow-hidden\" >\r\n                                                    <div class=\"item-img-wrap relative overflow-hidden\">\r\n                                <img data-opt-id=1269135625  data-opt-src=\"https:\/\/ml4anbow0bf5.i.optimole.com\/w:666\/h:522\/q:mauto\/f:best\/https:\/\/proylex.com\/wp-content\/uploads\/2022\/12\/service-g4.jpg\"  loading=\"lazy\" decoding=\"async\" class=\"no-lazyload\" src=\"data:image/svg+xml,%3Csvg%20viewBox%3D%220%200%20666%20522%22%20width%3D%22666%22%20height%3D%22522%22%20xmlns%3D%22http%3A%2F%2Fwww.w3.org%2F2000%2Fsvg%22%3E%3Crect%20width%3D%22666%22%20height%3D%22522%22%20fill%3D%22transparent%22%2F%3E%3C%2Fsvg%3E\" width=\"666\" height=\"522\" alt=\"service-g4\" title=\"service-g4\" \/>                                <div class=\"pxl-overlay\"><\/div>\r\n                            <\/div>\r\n                                                 \r\n                        <div class=\"item-title-wrap d-flex\">\r\n                            <div class=\"title-inner d-flex justify-content-end align-items-center\">\r\n                                                                    <h5 class=\"title col\">Civil 3D \u2013 Carreteras y Obras Lineales<\/h5>\r\n                                                                                                    <a class=\"pxl-readmore-arrow col-auto\" href=\"https:\/\/proylex.com\/en\/civil-3d-carreteras-y-obras-lineales\/\"><span class=\"pxli pxli-right-arrow1\"><\/span><\/a>\r\n                                                            <\/div>     \r\n                        <\/div>\r\n                        <div class=\"item-content-hover\">\r\n                            <div class=\"item-content-inner relative\">\r\n                                                                    <a class=\"pxl-readmore-arrow\" href=\"https:\/\/proylex.com\/en\/civil-3d-carreteras-y-obras-lineales\/\"><span class=\"pxli pxli-right-arrow1\"><\/span><\/a>\r\n                                                                                                    <h5 class=\"title\">Civil 3D \u2013 Carreteras y Obras Lineales<\/h5>\r\n                                                                                                    <div class=\"desc\">Perfiles, alineaciones, superficies, drenajes y documentaci\u00f3n t\u00e9cnica.<\/div>\r\n                                                            <\/div>\r\n                        <\/div>\r\n                    <\/div>\r\n                <\/div>\r\n            \r\n                <div class=\"grid-item col-xxl-4 col-xl-4 col-lg-6 col-md-6 col-sm-12 col-12\">\r\n                    <div class=\"grid-item-inner relative item-inner-wrap overflow-hidden\" >\r\n                                                    <div class=\"item-img-wrap relative overflow-hidden\">\r\n                                <img data-opt-id=601808050  data-opt-src=\"https:\/\/ml4anbow0bf5.i.optimole.com\/w:666\/h:522\/q:mauto\/f:best\/https:\/\/proylex.com\/wp-content\/uploads\/2025\/11\/technical-drawing-2030247_1280.jpg\"  loading=\"lazy\" decoding=\"async\" class=\"no-lazyload\" src=\"data:image/svg+xml,%3Csvg%20viewBox%3D%220%200%20666%20522%22%20width%3D%22666%22%20height%3D%22522%22%20xmlns%3D%22http%3A%2F%2Fwww.w3.org%2F2000%2Fsvg%22%3E%3Crect%20width%3D%22666%22%20height%3D%22522%22%20fill%3D%22transparent%22%2F%3E%3C%2Fsvg%3E\" width=\"666\" height=\"522\" alt=\"technical-drawing-2030247_1280\" title=\"technical-drawing-2030247_1280\" \/>                                <div class=\"pxl-overlay\"><\/div>\r\n                            <\/div>\r\n                                                 \r\n                        <div class=\"item-title-wrap d-flex\">\r\n                            <div class=\"title-inner d-flex justify-content-end align-items-center\">\r\n                                                                    <h5 class=\"title col\">Topograf\u00eda y Superficies<\/h5>\r\n                                                                                                    <a class=\"pxl-readmore-arrow col-auto\" href=\"https:\/\/proylex.com\/en\/topografia-y-superficies\/\"><span class=\"pxli pxli-right-arrow1\"><\/span><\/a>\r\n                                                            <\/div>     \r\n                        <\/div>\r\n                        <div class=\"item-content-hover\">\r\n                            <div class=\"item-content-inner relative\">\r\n                                                                    <a class=\"pxl-readmore-arrow\" href=\"https:\/\/proylex.com\/en\/topografia-y-superficies\/\"><span class=\"pxli pxli-right-arrow1\"><\/span><\/a>\r\n                                                                                                    <h5 class=\"title\">Topograf\u00eda y Superficies<\/h5>\r\n                                                                                                    <div class=\"desc\">Integraci\u00f3n de levantamientos topogr\u00e1ficos y an\u00e1lisis de terreno en Civil 3D\/BIM.<\/div>\r\n                                                            <\/div>\r\n                        <\/div>\r\n                    <\/div>\r\n                <\/div>\r\n            \r\n                <div class=\"grid-item col-xxl-4 col-xl-4 col-lg-6 col-md-6 col-sm-12 col-12\">\r\n                    <div class=\"grid-item-inner relative item-inner-wrap overflow-hidden\" >\r\n                                                    <div class=\"item-img-wrap relative overflow-hidden\">\r\n                                <img data-opt-id=1834798776  data-opt-src=\"https:\/\/ml4anbow0bf5.i.optimole.com\/w:666\/h:522\/q:mauto\/f:best\/https:\/\/proylex.com\/wp-content\/uploads\/2025\/11\/mechanics-9091501_1280.jpg\"  decoding=\"async\" class=\"no-lazyload\" src=\"data:image/svg+xml,%3Csvg%20viewBox%3D%220%200%20666%20522%22%20width%3D%22666%22%20height%3D%22522%22%20xmlns%3D%22http%3A%2F%2Fwww.w3.org%2F2000%2Fsvg%22%3E%3Crect%20width%3D%22666%22%20height%3D%22522%22%20fill%3D%22transparent%22%2F%3E%3C%2Fsvg%3E\" width=\"666\" height=\"522\" alt=\"mechanics-9091501_1280\" title=\"mechanics-9091501_1280\" \/>                                <div class=\"pxl-overlay\"><\/div>\r\n                            <\/div>\r\n                                                 \r\n                        <div class=\"item-title-wrap d-flex\">\r\n                            <div class=\"title-inner d-flex justify-content-end align-items-center\">\r\n                                                                    <h5 class=\"title col\">Planos el\u00e9ctricos y de detalle para energ\u00edas renovables y redes HV<\/h5>\r\n                                                                                                    <a class=\"pxl-readmore-arrow col-auto\" href=\"https:\/\/proylex.com\/en\/planos-electricos-y-de-detalle-para-energias-renovables-y-redes-hv\/\"><span class=\"pxli pxli-right-arrow1\"><\/span><\/a>\r\n                                                            <\/div>     \r\n                        <\/div>\r\n                        <div class=\"item-content-hover\">\r\n                            <div class=\"item-content-inner relative\">\r\n                                                                    <a class=\"pxl-readmore-arrow\" href=\"https:\/\/proylex.com\/en\/planos-electricos-y-de-detalle-para-energias-renovables-y-redes-hv\/\"><span class=\"pxli pxli-right-arrow1\"><\/span><\/a>\r\n                                                                                                    <h5 class=\"title\">Planos el\u00e9ctricos y de detalle para energ\u00edas renovables y redes HV<\/h5>\r\n                                                                                                    <div class=\"desc\">Plantas solares (layouts, cableado, cuadros, conexi\u00f3n red). <\/div>\r\n                                                            <\/div>\r\n                        <\/div>\r\n                    <\/div>\r\n                <\/div>\r\n            \r\n                <div class=\"grid-item col-xxl-4 col-xl-4 col-lg-6 col-md-6 col-sm-12 col-12\">\r\n                    <div class=\"grid-item-inner relative item-inner-wrap overflow-hidden\" >\r\n                                                    <div class=\"item-img-wrap relative overflow-hidden\">\r\n                                <img data-opt-id=1418537565  data-opt-src=\"https:\/\/ml4anbow0bf5.i.optimole.com\/w:666\/h:522\/q:mauto\/f:best\/https:\/\/proylex.com\/wp-content\/uploads\/2025\/11\/buildings-5893596_1280.jpg\"  loading=\"lazy\" decoding=\"async\" class=\"no-lazyload\" src=\"data:image/svg+xml,%3Csvg%20viewBox%3D%220%200%20666%20522%22%20width%3D%22666%22%20height%3D%22522%22%20xmlns%3D%22http%3A%2F%2Fwww.w3.org%2F2000%2Fsvg%22%3E%3Crect%20width%3D%22666%22%20height%3D%22522%22%20fill%3D%22transparent%22%2F%3E%3C%2Fsvg%3E\" width=\"666\" height=\"522\" alt=\"buildings-5893596_1280\" title=\"buildings-5893596_1280\" \/>                                <div class=\"pxl-overlay\"><\/div>\r\n                            <\/div>\r\n                                                 \r\n                        <div class=\"item-title-wrap d-flex\">\r\n                            <div class=\"title-inner d-flex justify-content-end align-items-center\">\r\n                                                                    <h5 class=\"title col\">Servicios de apoyo t\u00e9cnico<\/h5>\r\n                                                                                                    <a class=\"pxl-readmore-arrow col-auto\" href=\"https:\/\/proylex.com\/en\/servicios-de-apoyo-tecnico\/\"><span class=\"pxli pxli-right-arrow1\"><\/span><\/a>\r\n                                                            <\/div>     \r\n                        <\/div>\r\n                        <div class=\"item-content-hover\">\r\n                            <div class=\"item-content-inner relative\">\r\n                                                                    <a class=\"pxl-readmore-arrow\" href=\"https:\/\/proylex.com\/en\/servicios-de-apoyo-tecnico\/\"><span class=\"pxli pxli-right-arrow1\"><\/span><\/a>\r\n                                                                                                    <h5 class=\"title\">Servicios de apoyo t\u00e9cnico<\/h5>\r\n                                                                                                    <div class=\"desc\">Revisi\u00f3n y optimizaci\u00f3n de documentaci\u00f3n, normalizaci\u00f3n CAD\/BIM. |  Externalizaci\u00f3n de trabajos para empresas que necesitan aumentar volumen sin incrementar plantilla.<\/div>\r\n                                                            <\/div>\r\n                        <\/div>\r\n                    <\/div>\r\n                <\/div>\r\n            \r\n        <\/div>\r\n                <div class=\"text-center load-more-wrap\">\r\n            <a href=\"javascript:void(0);\" class=\"pxl-btn pxl-gallery-load outline-above draw\"><span class=\"draw-top-right\"><\/span>\r\n                <span class=\"draw-bottom-left\"><\/span>Cargar m\u00e1s<\/a>\r\n        <\/div>\r\n            <\/div>\r\n\t\t\t\t<\/div>\n\t\t\t\t<\/div>\n\t\t            <\/div>\r\n        <\/div>\r\n        \t\t\t<\/div>\n\t\t<\/section>\n\t\t        <section class=\"elementor-section elementor-top-section elementor-element elementor-element-4750229 pxl-section-overflow-hidden-yes elementor-section-boxed elementor-section-height-default elementor-section-height-default pxl-section-line-left-no pxl-section-line-right-no pxl-section-static-pos-no\" data-id=\"4750229\" data-element_type=\"section\">\n\n        <div class=\"pxl-section-bg-parallax\" data-parallax=\"{&quot;y&quot;:-100}\"><\/div>        \n                <div class=\"elementor-container elementor-column-gap-default\">\n                <div class=\"elementor-column elementor-col-100 elementor-top-column elementor-element elementor-element-b0067ce pxl-column-element-default pxl-column-overflow-hidden-no\" data-id=\"b0067ce\" data-element_type=\"column\">\r\n        <div class=\"elementor-widget-wrap elementor-element-populated\">\r\n                     \r\n        \t\t<div class=\"elementor-element elementor-element-a07272a pxl-wg-bd-anm-no elementor-widget elementor-widget-pxl_heading\" data-id=\"a07272a\" data-element_type=\"widget\" data-widget_type=\"pxl_heading.default\">\n\t\t\t\t<div class=\"elementor-widget-container\">\n\t\t\t\t\t<div class=\"pxl-heading-wrap d-flex\">\n    <div class=\"pxl-heading-inner center\">\n                <h2 class=\"heading-title pxl-split-text split-in-up\">\n            \u00bfQuieres <span class=\"text-primary\">contactarnos<\/span> ?        <\/h2>\n            <\/div>\n<\/div>\n\n\t\t\t\t<\/div>\n\t\t\t\t<\/div>\n\t\t\t\t<div class=\"elementor-element elementor-element-6d67daf elementor-align-center pxl-wg-bd-anm-no elementor-invisible pxl-elementor-animate elementor-widget elementor-widget-pxl_button\" data-id=\"6d67daf\" data-element_type=\"widget\" data-settings=\"{&quot;_animation&quot;:&quot;fadeInUp&quot;}\" data-widget_type=\"pxl_button.default\">\n\t\t\t\t<div class=\"elementor-widget-container\">\n\t\t\t\t\t<div id=\"pxl_button-6d67daf-7707\" class=\"pxl-button-wrapper d-flex-wrap pxl-button-layout1\" >\r\n            <a href=\"https:\/\/proylex.com\/en\/contact-2\/\" class=\"pxl-btn outline-under draw icon-ps-right\">\r\n             \r\n                <span class=\"draw-top-right\"><\/span>\r\n                <span class=\"draw-bottom-left\"><\/span>\r\n                                    <span class=\"pxl-button-text\">Cont\u00e1ctanos <\/span>\r\n                    <\/a>\r\n    <\/div>\t\t\t\t<\/div>\n\t\t\t\t<\/div>\n\t\t            <\/div>\r\n        <\/div>\r\n        \t\t\t<\/div>\n\t\t<\/section>\n\t\t        <section class=\"elementor-section elementor-top-section elementor-element elementor-element-fa6f77a elementor-section-full_width elementor-section-height-default elementor-section-height-default pxl-section-offset-none pxl-section-line-left-no pxl-section-line-right-no pxl-section-static-pos-no pxl-section-overflow-hidden-no\" data-id=\"fa6f77a\" data-element_type=\"section\">\n\n                \n                <div class=\"elementor-container elementor-column-gap-default\">\n                <div class=\"elementor-column elementor-col-100 elementor-top-column elementor-element elementor-element-6963b9a pxl-column-element-default pxl-column-overflow-hidden-no\" data-id=\"6963b9a\" data-element_type=\"column\">\r\n        <div class=\"elementor-widget-wrap elementor-element-populated\">\r\n                     \r\n        \t\t<div class=\"elementor-element elementor-element-3b25bd5 pxl-wg-bd-anm-no elementor-widget elementor-widget-pxl_title_effect\" data-id=\"3b25bd5\" data-element_type=\"widget\" data-widget_type=\"pxl_title_effect.default\">\n\t\t\t\t<div class=\"elementor-widget-container\">\n\t\t\t\t\t\t<div class=\"pxl-title-effect scroll-parallax pxl-type-gradient\">\n\t\t<div class=\"pxl-title-inner-wrap\">\n\t\t\t<div class=\"pxl-title-inner\">\n\t\t\t\t<div class=\"pxl-item-title\" data-parallax=\"{&quot;x&quot;:500}\" data-center=\"true\">Proylex<\/div>\n\t\t\t\t\t\t\t<\/div>\n\t\t<\/div>\n\t<\/div> \n\t\t\t\t<\/div>\n\t\t\t\t<\/div>\n\t\t            <\/div>\r\n        <\/div>\r\n        \t\t\t<\/div>\n\t\t<\/section>\n\t\t\t\t<\/div>","protected":false},"excerpt":{"rendered":"<p>DELINEACI\u00d3N T\u00c9CNICA 2D \/ 3D DELINEACI\u00d3N T\u00c9CNICA 2D \/ 3D Planos arquitect\u00f3nicos, estructurales e instalaciones con precisi\u00f3n profesional Modelado 3D Avanzado Modelado 3D Avanzado Modelado de elementos y entornos, con est\u00e1ndares de detalle y compatibilidad CAD\/BIM. Modelado BIM en Revit Modelado BIM en Revit Arquitectura, estructuras y MEP. Coordinaci\u00f3n y detecci\u00f3n de interferencias. Civil 3D [&hellip;]<\/p>","protected":false},"author":1,"featured_media":0,"parent":0,"menu_order":0,"comment_status":"closed","ping_status":"closed","template":"","meta":{"iawp_total_views":21,"footnotes":""},"class_list":["post-7863","page","type-page","status-publish","hentry"],"acf":[],"_links":{"self":[{"href":"https:\/\/proylex.com\/en\/wp-json\/wp\/v2\/pages\/7863","targetHints":{"allow":["GET"]}}],"collection":[{"href":"https:\/\/proylex.com\/en\/wp-json\/wp\/v2\/pages"}],"about":[{"href":"https:\/\/proylex.com\/en\/wp-json\/wp\/v2\/types\/page"}],"author":[{"embeddable":true,"href":"https:\/\/proylex.com\/en\/wp-json\/wp\/v2\/users\/1"}],"replies":[{"embeddable":true,"href":"https:\/\/proylex.com\/en\/wp-json\/wp\/v2\/comments?post=7863"}],"version-history":[{"count":13,"href":"https:\/\/proylex.com\/en\/wp-json\/wp\/v2\/pages\/7863\/revisions"}],"predecessor-version":[{"id":10757,"href":"https:\/\/proylex.com\/en\/wp-json\/wp\/v2\/pages\/7863\/revisions\/10757"}],"wp:attachment":[{"href":"https:\/\/proylex.com\/en\/wp-json\/wp\/v2\/media?parent=7863"}],"curies":[{"name":"wp","href":"https:\/\/api.w.org\/{rel}","templated":true}]}}