{"id":7086,"date":"2022-12-05T03:34:13","date_gmt":"2022-12-05T02:34:13","guid":{"rendered":"https:\/\/demo.casethemes.net\/adsett\/?page_id=7086"},"modified":"2025-11-09T18:29:54","modified_gmt":"2025-11-09T18:29:54","slug":"contact-2","status":"publish","type":"page","link":"https:\/\/proylex.com\/en\/contact-2\/","title":{"rendered":"Contacto"},"content":{"rendered":"<div data-elementor-type=\"wp-page\" data-elementor-id=\"7086\" class=\"elementor elementor-7086\" data-elementor-post-type=\"page\">\n\t\t\t\t        <section class=\"elementor-section elementor-top-section elementor-element elementor-element-626c880 elementor-section-boxed elementor-section-height-default elementor-section-height-default pxl-section-line-left-no pxl-section-line-right-no pxl-section-static-pos-no pxl-section-overflow-hidden-no\" data-id=\"626c880\" data-element_type=\"section\">\n\n                \n                <div class=\"elementor-container elementor-column-gap-default\">\n                <div class=\"elementor-column elementor-col-100 elementor-top-column elementor-element elementor-element-5b3bfc1 pxl-column-element-default pxl-column-overflow-hidden-no\" data-id=\"5b3bfc1\" data-element_type=\"column\">\r\n        <div class=\"elementor-widget-wrap elementor-element-populated\">\r\n                     \r\n        \t\t<div class=\"elementor-element elementor-element-5b5c2a9 pxl-wg-bd-anm-no elementor-widget elementor-widget-google_maps\" data-id=\"5b5c2a9\" data-element_type=\"widget\" data-widget_type=\"google_maps.default\">\n\t\t\t\t<div class=\"elementor-widget-container\">\n\t\t\t\t\t\t\t<div class=\"elementor-custom-embed\">\n\t\t\t<iframe loading=\"lazy\"\n\t\t\t\t\tsrc=\"https:\/\/maps.google.com\/maps?q=Impact%20Hub%20Madrid%2C%20Calle%20de%20Serrano%2099%2C%20Madrid&#038;t=m&#038;z=15&#038;output=embed&#038;iwloc=near\"\n\t\t\t\t\ttitle=\"Impact Hub Madrid, Calle de Serrano 99, Madrid\"\n\t\t\t\t\taria-label=\"Impact Hub Madrid, Calle de Serrano 99, Madrid\"\n\t\t\t><\/iframe>\n\t\t<\/div>\n\t\t\t\t\t\t<\/div>\n\t\t\t\t<\/div>\n\t\t            <\/div>\r\n        <\/div>\r\n        \t\t\t<\/div>\n\t\t<\/section>\n\t\t        <section class=\"elementor-section elementor-top-section elementor-element elementor-element-517159e elementor-section-content-middle elementor-section-boxed elementor-section-height-default elementor-section-height-default pxl-section-line-left-no pxl-section-line-right-no pxl-section-static-pos-no pxl-section-overflow-hidden-no\" data-id=\"517159e\" data-element_type=\"section\">\n\n                \n                <div class=\"elementor-container elementor-column-gap-default\">\n                <div class=\"elementor-column elementor-col-50 elementor-top-column elementor-element elementor-element-abcb52d pxl-column-element-default pxl-column-overflow-hidden-no\" data-id=\"abcb52d\" data-element_type=\"column\" data-settings=\"{&quot;background_background&quot;:&quot;classic&quot;}\">\r\n        <div class=\"elementor-widget-wrap elementor-element-populated\">\r\n                     \r\n                <section class=\"elementor-section elementor-inner-section elementor-element elementor-element-df9b844 gx-25 elementor-section-boxed elementor-section-height-default elementor-section-height-default pxl-section-line-left-no pxl-section-line-right-no pxl-section-static-pos-no pxl-section-overflow-hidden-no\" data-id=\"df9b844\" data-element_type=\"section\">\n\n                \n                <div class=\"elementor-container elementor-column-gap-default\">\n                <div class=\"elementor-column elementor-col-50 elementor-inner-column elementor-element elementor-element-cff3897 pxl-column-element-default pxl-column-overflow-hidden-no\" data-id=\"cff3897\" data-element_type=\"column\">\r\n        <div class=\"elementor-widget-wrap elementor-element-populated\">\r\n                     \r\n        \t\t<div class=\"elementor-element elementor-element-bd2dad5 pxl-wg-bd-anm-yes pxl-contact-info-layout-1 elementor-invisible pxl-elementor-animate elementor-widget elementor-widget-pxl_contact_info\" data-id=\"bd2dad5\" data-element_type=\"widget\" data-settings=\"{&quot;_animation&quot;:&quot;fadeInUp&quot;}\" data-widget_type=\"pxl_contact_info.default\">\n\t\t\t\t<div class=\"elementor-widget-container\">\n\t\t\t\t\t<div class=\"pxl-border-animated num-4\">\r\n        <div class=\"pxl-border-anm bt w-100  bw-yes\" style=\"--bd-width: 1px 0 0 0; border-style: solid; border-color: #EBEBEB;\"><\/div>\r\n        <div class=\"pxl-border-anm br h-100  bw-yes\" style=\"--bd-width: 0 1px 0 0; border-style: solid; border-color: #EBEBEB;\"><\/div>\r\n        <div class=\"pxl-border-anm bb w-100  bw-yes\" style=\"--bd-width: 0 0 1px 0; border-style: solid; border-color: #EBEBEB;\"><\/div>\r\n        <div class=\"pxl-border-anm bl h-100  bw-yes\" style=\"--bd-width: 0 0 0 1px; border-style: solid; border-color: #EBEBEB;\"><\/div>\r\n        <\/div><div class=\"pxl-ci-wrap layout-1 relative  show-popup\">\r\n\t<div class=\"ci-content-wrap\">\r\n\t\t<div class=\"ci-content\">\r\n\t\t\t\t\t\t\t<h4 class=\"ci-title\">Correo<\/h4> \r\n\t\t\t\t\t\t\t\t\t\t<div class=\"ci-desc\"><a href=\"mailto:contacto@proylex.com\">contacto@proylex.com<\/a><\/div> \r\n\t\t\t\t\t<\/div>\r\n\t<\/div>\r\n\t<\/div>\t\t\t\t<\/div>\n\t\t\t\t<\/div>\n\t\t            <\/div>\r\n        <\/div>\r\n                <div class=\"elementor-column elementor-col-50 elementor-inner-column elementor-element elementor-element-6cdfbe3 pxl-column-element-default pxl-column-overflow-hidden-no\" data-id=\"6cdfbe3\" data-element_type=\"column\">\r\n        <div class=\"elementor-widget-wrap elementor-element-populated\">\r\n                     \r\n        \t\t<div class=\"elementor-element elementor-element-f8c9a65 pxl-contact-info-layout-1 pxl-wg-bd-anm-no elementor-invisible pxl-elementor-animate elementor-widget elementor-widget-pxl_contact_info\" data-id=\"f8c9a65\" data-element_type=\"widget\" data-settings=\"{&quot;_animation&quot;:&quot;fadeInUp&quot;}\" data-widget_type=\"pxl_contact_info.default\">\n\t\t\t\t<div class=\"elementor-widget-container\">\n\t\t\t\t\t<div class=\"pxl-ci-wrap layout-1 relative  show-popup\">\r\n\t<div class=\"ci-content-wrap\">\r\n\t\t<div class=\"ci-content\">\r\n\t\t\t\t\t\t\t<h4 class=\"ci-title\">Numero<\/h4> \r\n\t\t\t\t\t\t\t\t\t\t<div class=\"ci-desc\"><a href=\"tel:+658718191\">658 718 191<\/a><\/div> \r\n\t\t\t\t\t<\/div>\r\n\t<\/div>\r\n\t<\/div>\t\t\t\t<\/div>\n\t\t\t\t<\/div>\n\t\t            <\/div>\r\n        <\/div>\r\n        \t\t\t<\/div>\n\t\t<\/section>\n\t\t\t\t<div class=\"elementor-element elementor-element-f2ce8ec pxl-wg-bd-anm-yes pxl-contact-info-layout-1 elementor-invisible pxl-elementor-animate elementor-widget elementor-widget-pxl_contact_info\" data-id=\"f2ce8ec\" data-element_type=\"widget\" data-settings=\"{&quot;_animation&quot;:&quot;fadeInUp&quot;}\" data-widget_type=\"pxl_contact_info.default\">\n\t\t\t\t<div class=\"elementor-widget-container\">\n\t\t\t\t\t<div class=\"pxl-border-animated num-4\">\r\n        <div class=\"pxl-border-anm bt w-100  bw-yes\" style=\"--bd-width: 1px 0 0 0; border-style: solid; border-color: #EBEBEB;\"><\/div>\r\n        <div class=\"pxl-border-anm br h-100  bw-yes\" style=\"--bd-width: 0 1px 0 0; border-style: solid; border-color: #EBEBEB;\"><\/div>\r\n        <div class=\"pxl-border-anm bb w-100  bw-yes\" style=\"--bd-width: 0 0 1px 0; border-style: solid; border-color: #EBEBEB;\"><\/div>\r\n        <div class=\"pxl-border-anm bl h-100  bw-yes\" style=\"--bd-width: 0 0 0 1px; border-style: solid; border-color: #EBEBEB;\"><\/div>\r\n        <\/div><div class=\"pxl-ci-wrap layout-1 relative\">\r\n\t<div class=\"ci-content-wrap\">\r\n\t\t<div class=\"ci-content\">\r\n\t\t\t\t\t\t\t<h4 class=\"ci-title\">Direcci\u00f3n<\/h4> \r\n\t\t\t\t\t\t\t\t\t\t<div class=\"ci-desc\">Impact Hub Madrid, Calle de Serrano 99, Madrid<\/div> \r\n\t\t\t\t\t<\/div>\r\n\t<\/div>\r\n\t<\/div>\t\t\t\t<\/div>\n\t\t\t\t<\/div>\n\t\t\t\t<div class=\"elementor-element elementor-element-8ad6550 pxl-wg-bd-anm-no elementor-widget elementor-widget-spacer\" data-id=\"8ad6550\" data-element_type=\"widget\" data-widget_type=\"spacer.default\">\n\t\t\t\t<div class=\"elementor-widget-container\">\n\t\t\t\t\t\t\t<div class=\"elementor-spacer\">\n\t\t\t<div class=\"elementor-spacer-inner\"><\/div>\n\t\t<\/div>\n\t\t\t\t\t\t<\/div>\n\t\t\t\t<\/div>\n\t\t\t\t<div class=\"elementor-element elementor-element-980231c pxl-wg-bd-anm-yes pxl-contact-info-layout-1 elementor-invisible pxl-elementor-animate elementor-widget elementor-widget-pxl_contact_info\" data-id=\"980231c\" data-element_type=\"widget\" data-settings=\"{&quot;_animation&quot;:&quot;fadeInUp&quot;}\" data-widget_type=\"pxl_contact_info.default\">\n\t\t\t\t<div class=\"elementor-widget-container\">\n\t\t\t\t\t<div class=\"pxl-border-animated num-4\">\r\n        <div class=\"pxl-border-anm bt w-100  bw-yes\" style=\"--bd-width: 1px 0 0 0; border-style: solid; border-color: #EBEBEB;\"><\/div>\r\n        <div class=\"pxl-border-anm br h-100  bw-yes\" style=\"--bd-width: 0 1px 0 0; border-style: solid; border-color: #EBEBEB;\"><\/div>\r\n        <div class=\"pxl-border-anm bb w-100  bw-yes\" style=\"--bd-width: 0 0 1px 0; border-style: solid; border-color: #EBEBEB;\"><\/div>\r\n        <div class=\"pxl-border-anm bl h-100  bw-yes\" style=\"--bd-width: 0 0 0 1px; border-style: solid; border-color: #EBEBEB;\"><\/div>\r\n        <\/div><div class=\"pxl-ci-wrap layout-1 relative\">\r\n\t<div class=\"ci-content-wrap\">\r\n\t\t<div class=\"ci-content\">\r\n\t\t\t\t\t\t\t<h4 class=\"ci-title\">Nota<\/h4> \r\n\t\t\t\t\t\t\t\t\t\t<div class=\"ci-desc\">Toda la informaci\u00f3n que nos env\u00ede ser\u00e1 tratada con estricta confidencialidad<\/div> \r\n\t\t\t\t\t<\/div>\r\n\t<\/div>\r\n\t<\/div>\t\t\t\t<\/div>\n\t\t\t\t<\/div>\n\t\t            <\/div>\r\n        <\/div>\r\n                <div class=\"elementor-column elementor-col-50 elementor-top-column elementor-element elementor-element-3df5e65 pxl-column-element-default pxl-column-overflow-hidden-no\" data-id=\"3df5e65\" data-element_type=\"column\" data-settings=\"{&quot;background_background&quot;:&quot;classic&quot;}\">\r\n        <div class=\"elementor-widget-wrap elementor-element-populated\">\r\n                     \r\n        \t\t<div class=\"elementor-element elementor-element-d4d8bee pxl-wg-bd-anm-no elementor-widget elementor-widget-pxl_heading\" data-id=\"d4d8bee\" data-element_type=\"widget\" data-widget_type=\"pxl_heading.default\">\n\t\t\t\t<div class=\"elementor-widget-container\">\n\t\t\t\t\t<div class=\"pxl-heading-wrap d-flex\">\n    <div class=\"pxl-heading-inner\">\n                <h3 class=\"heading-title\">\n            Env\u00edanos un mensaje        <\/h3>\n            <\/div>\n<\/div>\n\n\t\t\t\t<\/div>\n\t\t\t\t<\/div>\n\t\t\t\t<div class=\"elementor-element elementor-element-d2c4cc7 pxl-wg-bd-anm-no elementor-widget elementor-widget-pxl_contact_form\" data-id=\"d2c4cc7\" data-element_type=\"widget\" data-widget_type=\"pxl_contact_form.default\">\n\t\t\t\t<div class=\"elementor-widget-container\">\n\t\t\t\t\t<div class=\"pxl-cf7-wrap relative\">\r\n    \n<div class=\"wpcf7 no-js\" id=\"wpcf7-f7136-o1\" lang=\"en-US\" dir=\"ltr\" data-wpcf7-id=\"7136\">\n<div class=\"screen-reader-response\"><p role=\"status\" aria-live=\"polite\" aria-atomic=\"true\"><\/p> <ul><\/ul><\/div>\n<form action=\"\/en\/wp-json\/wp\/v2\/pages\/7086#wpcf7-f7136-o1\" method=\"post\" class=\"wpcf7-form init\" aria-label=\"Contact form\" novalidate=\"novalidate\" data-status=\"init\" data-trp-original-action=\"\/en\/wp-json\/wp\/v2\/pages\/7086#wpcf7-f7136-o1\">\n<fieldset class=\"hidden-fields-container\"><input type=\"hidden\" name=\"_wpcf7\" value=\"7136\" \/><input type=\"hidden\" name=\"_wpcf7_version\" value=\"6.1.3\" \/><input type=\"hidden\" name=\"_wpcf7_locale\" value=\"en_US\" \/><input type=\"hidden\" name=\"_wpcf7_unit_tag\" value=\"wpcf7-f7136-o1\" \/><input type=\"hidden\" name=\"_wpcf7_container_post\" value=\"0\" \/><input type=\"hidden\" name=\"_wpcf7_posted_data_hash\" value=\"\" \/>\n<\/fieldset>\n<div class=\"contact-form-2\">\n\t<div class=\"row\">\n\t\t<div class=\"col-12 col-lg-6\">\n\t\t\t<div class=\"control-item\">\n\t\t\t\t<p><span class=\"wpcf7-form-control-wrap\" data-name=\"your-name\"><input size=\"40\" maxlength=\"400\" class=\"wpcf7-form-control wpcf7-text wpcf7-validates-as-required\" aria-required=\"true\" aria-invalid=\"false\" placeholder=\"Nombre\" value=\"\" type=\"text\" name=\"your-name\" \/><\/span>\n\t\t\t\t<\/p>\n\t\t\t<\/div>\n\t\t<\/div>\n\t\t<div class=\"col-12 col-lg-6\">\n\t\t\t<div class=\"control-item\">\n\t\t\t\t<p><span class=\"wpcf7-form-control-wrap\" data-name=\"your-email\"><input size=\"40\" maxlength=\"400\" class=\"wpcf7-form-control wpcf7-email wpcf7-validates-as-required wpcf7-text wpcf7-validates-as-email\" aria-required=\"true\" aria-invalid=\"false\" placeholder=\"Correo Electr\u00f3nico\" value=\"\" type=\"email\" name=\"your-email\" \/><\/span>\n\t\t\t\t<\/p>\n\t\t\t<\/div>\n\t\t<\/div>\n\t<\/div>\n\t<div class=\"control-item\">\n\t\t<p><span class=\"wpcf7-form-control-wrap\" data-name=\"your-message\"><textarea cols=\"40\" rows=\"10\" maxlength=\"2000\" class=\"wpcf7-form-control wpcf7-textarea wpcf7-validates-as-required\" aria-required=\"true\" aria-invalid=\"false\" placeholder=\"Escribe tu mensaje...\" name=\"your-message\"><\/textarea><\/span>\n\t\t<\/p>\n\t<\/div>\n\t<div class=\"btn-form\">\n\t\t<p><button class=\"pxl-btn outline-under draw\" type=\"submit\"><span class=\"draw-top-right\"><\/span><span class=\"draw-bottom-left\"><\/span><span class=\"btn-text pxl-button-text\">Enviar ahora<\/span><span class=\"pxl-btn-icon pxli-spinner\"><\/span><\/button>\n\t\t<\/p>\n\t<\/div>\n<\/div><p><span class=\"wpcf7-form-control-wrap\"><input type=\"hidden\" name=\"php_start_time\" value=\"1776381261.4392\" \/><input type=\"hidden\" name=\"js_end_time\" class=\"js_end_time\" value=\"\" \/><input type=\"hidden\" name=\"js_start_time\" class=\"js_start_time\" value=\"\" \/><input id=\"f12_captcha\" type=\"text\" style=\"visibility:hidden!important; opacity:1!important; height:0!important; width:0!important; margin:0!important; padding:0!important;\" name=\"f12_captcha\" value=\"\"\/><\/span><\/p><div class=\"wpcf7-response-output\" aria-hidden=\"true\"><\/div>\n<input type=\"hidden\" name=\"trp-form-language\" value=\"en\"\/><\/form>\n<\/div>\n \r\n<\/div>\t\t\t\t<\/div>\n\t\t\t\t<\/div>\n\t\t            <\/div>\r\n        <\/div>\r\n        \t\t\t<\/div>\n\t\t<\/section>\n\t\t\t\t<\/div>","protected":false},"excerpt":{"rendered":"<p>Correo contacto@proylex.com Numero 658 718 191 Direcci\u00f3n Impact Hub Madrid, Calle de Serrano 99, Madrid Nota Toda la informaci\u00f3n que nos env\u00ede ser\u00e1 tratada con estricta confidencialidad Env\u00edanos un mensaje Submit Now<\/p>","protected":false},"author":1,"featured_media":0,"parent":0,"menu_order":0,"comment_status":"closed","ping_status":"closed","template":"","meta":{"iawp_total_views":7,"footnotes":""},"class_list":["post-7086","page","type-page","status-publish","hentry"],"acf":[],"_links":{"self":[{"href":"https:\/\/proylex.com\/en\/wp-json\/wp\/v2\/pages\/7086","targetHints":{"allow":["GET"]}}],"collection":[{"href":"https:\/\/proylex.com\/en\/wp-json\/wp\/v2\/pages"}],"about":[{"href":"https:\/\/proylex.com\/en\/wp-json\/wp\/v2\/types\/page"}],"author":[{"embeddable":true,"href":"https:\/\/proylex.com\/en\/wp-json\/wp\/v2\/users\/1"}],"replies":[{"embeddable":true,"href":"https:\/\/proylex.com\/en\/wp-json\/wp\/v2\/comments?post=7086"}],"version-history":[{"count":5,"href":"https:\/\/proylex.com\/en\/wp-json\/wp\/v2\/pages\/7086\/revisions"}],"predecessor-version":[{"id":10739,"href":"https:\/\/proylex.com\/en\/wp-json\/wp\/v2\/pages\/7086\/revisions\/10739"}],"wp:attachment":[{"href":"https:\/\/proylex.com\/en\/wp-json\/wp\/v2\/media?parent=7086"}],"curies":[{"name":"wp","href":"https:\/\/api.w.org\/{rel}","templated":true}]}}