{"id":10646,"date":"2025-11-09T06:04:15","date_gmt":"2025-11-09T06:04:15","guid":{"rendered":"https:\/\/proylex.com\/?page_id=10646"},"modified":"2025-11-09T06:39:57","modified_gmt":"2025-11-09T06:39:57","slug":"servicios-de-apoyo-tecnico","status":"publish","type":"page","link":"https:\/\/proylex.com\/en\/servicios-de-apoyo-tecnico\/","title":{"rendered":"Servicios de apoyo t\u00e9cnico"},"content":{"rendered":"<div data-elementor-type=\"wp-page\" data-elementor-id=\"10646\" class=\"elementor elementor-10646\" data-elementor-post-type=\"page\">\n\t\t\t\t        <section class=\"elementor-section elementor-top-section elementor-element elementor-element-290fe0b elementor-section-boxed elementor-section-height-default elementor-section-height-default pxl-section-line-left-no pxl-section-line-right-no pxl-section-static-pos-no pxl-section-overflow-hidden-no\" data-id=\"290fe0b\" data-element_type=\"section\">\n\n                \n                <div class=\"elementor-container elementor-column-gap-default\">\n                <div class=\"elementor-column elementor-col-50 elementor-top-column elementor-element elementor-element-e256b93 pxl-column-element-default pxl-column-overflow-hidden-no\" data-id=\"e256b93\" data-element_type=\"column\">\r\n        <div class=\"elementor-widget-wrap elementor-element-populated\">\r\n                     \r\n        \t\t<div class=\"elementor-element elementor-element-e381098 pxl-wg-bd-anm-no elementor-widget elementor-widget-pxl_image\" data-id=\"e381098\" data-element_type=\"widget\" data-widget_type=\"pxl_image.default\">\n\t\t\t\t<div class=\"elementor-widget-container\">\n\t\t\t\t\t<div id=\"pxl_image-e381098-9446\" class=\"pxl-image-wg\">\r\n\t\t<img data-opt-id=1414964643  fetchpriority=\"high\" decoding=\"async\" width=\"524\" height=\"450\" src=\"https:\/\/ml4anbow0bf5.i.optimole.com\/w:auto\/h:auto\/q:mauto\/f:best\/https:\/\/proylex.com\/wp-content\/uploads\/2025\/06\/project_1_2.jpg\" class=\"attachment-full size-full wp-image-319\" alt=\"\" srcset=\"https:\/\/ml4anbow0bf5.i.optimole.com\/w:524\/h:450\/q:mauto\/f:best\/https:\/\/proylex.com\/wp-content\/uploads\/2025\/06\/project_1_2.jpg 524w, https:\/\/ml4anbow0bf5.i.optimole.com\/w:524\/h:450\/q:mauto\/f:best\/dpr:2\/https:\/\/proylex.com\/wp-content\/uploads\/2025\/06\/project_1_2.jpg 2x\" sizes=\"(max-width: 524px) 100vw, 524px\" \/>\t<\/div>\r\n\t\t\t\t<\/div>\n\t\t\t\t<\/div>\n\t\t\t\t<div class=\"elementor-element elementor-element-b092424 pxl-wg-bd-anm-no elementor-widget elementor-widget-pxl_text_editor\" data-id=\"b092424\" data-element_type=\"widget\" data-widget_type=\"pxl_text_editor.default\">\n\t\t\t\t<div class=\"elementor-widget-container\">\n\t\t\t\t\t<div id=\"pxl_text_editor-b092424-7448\" class=\"pxl-text-editor-wrap d-flex\" >\n\t<div class=\"pxl-text-editor elementor-clearfix\">\n\t\t<p data-start=\"546\" data-end=\"846\">En PROYLEX ofrecemos soporte t\u00e9cnico externo para empresas que necesitan aumentar su capacidad de delineaci\u00f3n, modelado o documentaci\u00f3n sin contratar personal adicional.<br data-start=\"715\" data-end=\"718\" \/>Nos integramos a tu flujo de trabajo como parte del equipo, con entregas r\u00e1pidas, est\u00e1ndares claros y confidencialidad absoluta.<\/p>\t\t\n\t<\/div>\n<\/div>\t\t\t\t<\/div>\n\t\t\t\t<\/div>\n\t\t\t\t<div class=\"elementor-element elementor-element-636ebab pxl-wg-bd-anm-no elementor-widget elementor-widget-pxl_heading\" data-id=\"636ebab\" data-element_type=\"widget\" data-widget_type=\"pxl_heading.default\">\n\t\t\t\t<div class=\"elementor-widget-container\">\n\t\t\t\t\t<div class=\"pxl-heading-wrap d-flex\">\n    <div class=\"pxl-heading-inner\">\n                <div class=\"heading-title\">\n            \u00bfComo se trabaja?        <\/div>\n            <\/div>\n<\/div>\n\n\t\t\t\t<\/div>\n\t\t\t\t<\/div>\n\t\t\t\t<div class=\"elementor-element elementor-element-8770394 pxl-wg-bd-anm-no elementor-widget elementor-widget-pxl_text_editor\" data-id=\"8770394\" data-element_type=\"widget\" data-widget_type=\"pxl_text_editor.default\">\n\t\t\t\t<div class=\"elementor-widget-container\">\n\t\t\t\t\t<div id=\"pxl_text_editor-8770394-3790\" class=\"pxl-text-editor-wrap d-flex\" >\n\t<div class=\"pxl-text-editor elementor-clearfix\">\n\t\t<p>Revisamos, corregimos y optimizamos planos o modelos CAD\/BIM, asegurando orden, coherencia gr\u00e1fica, capas, simbolog\u00eda y convenciones t\u00e9cnicas.<br data-start=\"1039\" data-end=\"1042\" \/>Aplicamos normas, plantillas y est\u00e1ndares para que todos los entregables sean profesionales y listos para presentar, licenciar o construir.<\/p>\t\t\n\t<\/div>\n<\/div>\t\t\t\t<\/div>\n\t\t\t\t<\/div>\n\t\t\t\t<div class=\"elementor-element elementor-element-a1a16e6 pxl-wg-bd-anm-no elementor-widget elementor-widget-pxl_text_editor\" data-id=\"a1a16e6\" data-element_type=\"widget\" data-widget_type=\"pxl_text_editor.default\">\n\t\t\t\t<div class=\"elementor-widget-container\">\n\t\t\t\t\t<div id=\"pxl_text_editor-a1a16e6-4218\" class=\"pxl-text-editor-wrap d-flex\" >\n\t<div class=\"pxl-text-editor elementor-clearfix\">\n\t\t<h3 data-start=\"1188\" data-end=\"1221\"><strong data-start=\"1194\" data-end=\"1221\">\u00bfQU\u00c9 SERVICIOS INCLUYE?<\/strong><\/h3><ul><li data-start=\"1224\" data-end=\"1259\">Normalizaci\u00f3n de planos CAD y BIM<\/li><li data-start=\"1262\" data-end=\"1305\">Correcci\u00f3n de capas, estilos y simbolog\u00eda<\/li><li data-start=\"1308\" data-end=\"1347\">Limpieza y optimizaci\u00f3n de modelos 3D<\/li><li data-start=\"1350\" data-end=\"1386\">Actualizaci\u00f3n de planos existentes<\/li><li data-start=\"1389\" data-end=\"1413\">Migraci\u00f3n de CAD a BIM<\/li><li data-start=\"1416\" data-end=\"1461\">Preparaci\u00f3n de planos para licencias y obra<\/li><li data-start=\"1464\" data-end=\"1502\">Soporte continuo para picos de trabajo<\/li><\/ul>\t\t\n\t<\/div>\n<\/div>\t\t\t\t<\/div>\n\t\t\t\t<\/div>\n\t\t        <section class=\"elementor-section elementor-inner-section elementor-element elementor-element-48c5831 elementor-section-boxed elementor-section-height-default elementor-section-height-default pxl-section-line-left-no pxl-section-line-right-no pxl-section-static-pos-no pxl-section-overflow-hidden-no\" data-id=\"48c5831\" data-element_type=\"section\">\n\n                \n                <div class=\"elementor-container elementor-column-gap-default\">\n                <div class=\"elementor-column elementor-col-50 elementor-inner-column elementor-element elementor-element-fbefa1a pxl-column-element-default\" data-id=\"fbefa1a\" data-element_type=\"column\">\r\n        <div class=\"elementor-widget-wrap elementor-element-populated\">\r\n                     \r\n        \t\t<div class=\"elementor-element elementor-element-85f5fd7 overflow-hidden pxl-wg-bd-anm-no elementor-widget elementor-widget-pxl_image\" data-id=\"85f5fd7\" data-element_type=\"widget\" data-widget_type=\"pxl_image.default\">\n\t\t\t\t<div class=\"elementor-widget-container\">\n\t\t\t\t\t<div id=\"pxl_image-85f5fd7-1653\" class=\"pxl-image-wg\">\r\n\t\t<img data-opt-id=1582366863  fetchpriority=\"high\" decoding=\"async\" width=\"609\" height=\"405\" src=\"https:\/\/ml4anbow0bf5.i.optimole.com\/w:auto\/h:auto\/q:mauto\/f:best\/https:\/\/proylex.com\/wp-content\/uploads\/2022\/12\/service-detail-img2.jpg\" class=\"elementor-animation-grow attachment-full size-full wp-image-8088\" alt=\"\" srcset=\"https:\/\/ml4anbow0bf5.i.optimole.com\/w:609\/h:405\/q:mauto\/f:best\/https:\/\/proylex.com\/wp-content\/uploads\/2022\/12\/service-detail-img2.jpg 609w, https:\/\/ml4anbow0bf5.i.optimole.com\/w:609\/h:405\/q:mauto\/f:best\/dpr:2\/https:\/\/proylex.com\/wp-content\/uploads\/2022\/12\/service-detail-img2.jpg 2x\" sizes=\"(max-width: 609px) 100vw, 609px\" \/>\t<\/div>\r\n\t\t\t\t<\/div>\n\t\t\t\t<\/div>\n\t\t            <\/div>\r\n        <\/div>\r\n                <div class=\"elementor-column elementor-col-50 elementor-inner-column elementor-element elementor-element-5f1098c pxl-column-element-default pxl-column-overflow-hidden-no\" data-id=\"5f1098c\" data-element_type=\"column\">\r\n        <div class=\"elementor-widget-wrap elementor-element-populated\">\r\n                     \r\n        \t\t<div class=\"elementor-element elementor-element-da04509 overflow-hidden pxl-wg-bd-anm-no elementor-widget elementor-widget-pxl_image\" data-id=\"da04509\" data-element_type=\"widget\" data-widget_type=\"pxl_image.default\">\n\t\t\t\t<div class=\"elementor-widget-container\">\n\t\t\t\t\t<div id=\"pxl_image-da04509-4600\" class=\"pxl-image-wg\">\r\n\t\t<img data-opt-id=1013577113  data-opt-src=\"https:\/\/ml4anbow0bf5.i.optimole.com\/w:auto\/h:auto\/q:mauto\/f:best\/https:\/\/proylex.com\/wp-content\/uploads\/2022\/12\/service-detail-img3.jpg\"  decoding=\"async\" width=\"609\" height=\"405\" src=\"data:image/svg+xml,%3Csvg%20viewBox%3D%220%200%20100%%20100%%22%20width%3D%22100%%22%20height%3D%22100%%22%20xmlns%3D%22http%3A%2F%2Fwww.w3.org%2F2000%2Fsvg%22%3E%3Crect%20width%3D%22100%%22%20height%3D%22100%%22%20fill%3D%22transparent%22%2F%3E%3C%2Fsvg%3E\" class=\"elementor-animation-grow attachment-full size-full wp-image-8089\" alt=\"\" old-srcset=\"https:\/\/ml4anbow0bf5.i.optimole.com\/w:609\/h:405\/q:mauto\/f:best\/https:\/\/proylex.com\/wp-content\/uploads\/2022\/12\/service-detail-img3.jpg 609w, https:\/\/ml4anbow0bf5.i.optimole.com\/w:609\/h:405\/q:mauto\/f:best\/dpr:2\/https:\/\/proylex.com\/wp-content\/uploads\/2022\/12\/service-detail-img3.jpg 2x\" \/>\t<\/div>\r\n\t\t\t\t<\/div>\n\t\t\t\t<\/div>\n\t\t            <\/div>\r\n        <\/div>\r\n        \t\t\t<\/div>\n\t\t<\/section>\n\t\t\t\t<div class=\"elementor-element elementor-element-e372fd0 pxl-wg-bd-anm-no elementor-widget elementor-widget-pxl_text_editor\" data-id=\"e372fd0\" data-element_type=\"widget\" data-widget_type=\"pxl_text_editor.default\">\n\t\t\t\t<div class=\"elementor-widget-container\">\n\t\t\t\t\t<div id=\"pxl_text_editor-e372fd0-7623\" class=\"pxl-text-editor-wrap d-flex\" >\n\t<div class=\"pxl-text-editor elementor-clearfix\">\n\t\t<h3 data-start=\"1509\" data-end=\"1548\"><strong data-start=\"1515\" data-end=\"1548\">EXTERNALIZACI\u00d3N PARA EMPRESAS<\/strong><\/h3><ul><li data-start=\"1551\" data-end=\"1595\">Ingenier\u00edas con exceso de carga de trabajo<\/li><li data-start=\"1598\" data-end=\"1656\">Estudios de arquitectura sin departamento de delineaci\u00f3n<\/li><li data-start=\"1659\" data-end=\"1710\">Constructoras que requieren documentaci\u00f3n urgente<\/li><li data-start=\"1713\" data-end=\"1774\">Empresas internacionales que subcontratan delineaci\u00f3n t\u00e9cnica<\/li><\/ul>\t\t\n\t<\/div>\n<\/div>\t\t\t\t<\/div>\n\t\t\t\t<\/div>\n\t\t\t\t<div class=\"elementor-element elementor-element-ec59afe pxl-wg-bd-anm-no elementor-widget elementor-widget-pxl_text_editor\" data-id=\"ec59afe\" data-element_type=\"widget\" data-widget_type=\"pxl_text_editor.default\">\n\t\t\t\t<div class=\"elementor-widget-container\">\n\t\t\t\t\t<div id=\"pxl_text_editor-ec59afe-1707\" class=\"pxl-text-editor-wrap d-flex\" >\n\t<div class=\"pxl-text-editor elementor-clearfix\">\n\t\t<h3 data-start=\"1781\" data-end=\"1824\"><strong data-start=\"1787\" data-end=\"1824\">BENEFICIOS PARA NUESTROS CLIENTES<\/strong><\/h3><p data-start=\"1825\" data-end=\"2012\">\u2714 Reducci\u00f3n de tiempos y costes<br data-start=\"1856\" data-end=\"1859\" \/>\u2714 Cero contrataci\u00f3n o costos de n\u00f3mina<br data-start=\"1897\" data-end=\"1900\" \/>\u2714 Entregas r\u00e1pidas y precisas<br data-start=\"1929\" data-end=\"1932\" \/>\u2714 Confidencialidad garantizada (NDA)<br data-start=\"1968\" data-end=\"1971\" \/>\u2714 Integraci\u00f3n con tu equipo y metodolog\u00eda<\/p><h3 data-start=\"1509\" data-end=\"1548\">\u00a0<\/h3>\t\t\n\t<\/div>\n<\/div>\t\t\t\t<\/div>\n\t\t\t\t<\/div>\n\t\t\t\t<div class=\"elementor-element elementor-element-f20a593 pxl-wg-bd-anm-no elementor-widget elementor-widget-pxl_heading\" data-id=\"f20a593\" data-element_type=\"widget\" data-widget_type=\"pxl_heading.default\">\n\t\t\t\t<div class=\"elementor-widget-container\">\n\t\t\t\t\t<div class=\"pxl-heading-wrap d-flex\">\n    <div class=\"pxl-heading-inner\">\n                <div class=\"heading-title\">\n            Nos encargamos de la parte t\u00e9cnica, para que tu empresa pueda avanzar m\u00e1s r\u00e1pido.        <\/div>\n            <\/div>\n<\/div>\n\n\t\t\t\t<\/div>\n\t\t\t\t<\/div>\n\t\t            <\/div>\r\n        <\/div>\r\n                <div class=\"elementor-column elementor-col-50 elementor-top-column elementor-element elementor-element-b70c684 pxl-column-element-default pxl-column-overflow-hidden-no\" data-id=\"b70c684\" data-element_type=\"column\">\r\n        <div class=\"elementor-widget-wrap elementor-element-populated\">\r\n                     \r\n        \t\t<div class=\"elementor-element elementor-element-5846fb6 pxl-wg-bd-anm-no elementor-widget elementor-widget-pxl_heading\" data-id=\"5846fb6\" data-element_type=\"widget\" data-widget_type=\"pxl_heading.default\">\n\t\t\t\t<div class=\"elementor-widget-container\">\n\t\t\t\t\t<div class=\"pxl-heading-wrap d-flex\">\n    <div class=\"pxl-heading-inner\">\n                <div class=\"heading-title\">\n            Servicios        <\/div>\n            <\/div>\n<\/div>\n\n\t\t\t\t<\/div>\n\t\t\t\t<\/div>\n\t\t\t\t<div class=\"elementor-element elementor-element-317520c pxl-links-layout-2 pxl-wg-bd-anm-yes elementor-widget elementor-widget-pxl_links\" data-id=\"317520c\" data-element_type=\"widget\" data-widget_type=\"pxl_links.default\">\n\t\t\t\t<div class=\"elementor-widget-container\">\n\t\t\t\t\t<div class=\"pxl-border-animated num-4\">\r\n        <div class=\"pxl-border-anm bt w-100  bw-yes\" style=\"--bd-width: 1px 0 0 0; border-style: solid; border-color: #F4F5F5;\"><\/div>\r\n        <div class=\"pxl-border-anm br h-100  bw-yes\" style=\"--bd-width: 0 1px 0 0; border-style: solid; border-color: #F4F5F5;\"><\/div>\r\n        <div class=\"pxl-border-anm bb w-100  bw-yes\" style=\"--bd-width: 0 0 1px 0; border-style: solid; border-color: #F4F5F5;\"><\/div>\r\n        <div class=\"pxl-border-anm bl h-100  bw-yes\" style=\"--bd-width: 0 0 0 1px; border-style: solid; border-color: #F4F5F5;\"><\/div>\r\n        <\/div>    <ul class=\"pxl-links d-flex flex-column layout-2 list-unstyled\">\r\n                            <li class=\"link-item\">\r\n                        <a href=\"https:\/\/proylex.com\/en\/delineacion-tecnica-2d-3d\/\" target=\"_blank\">\r\n                            <span>Delineaci\u00f3n T\u00e9cnica 2D \/ 3D<\/span>\r\n                        <\/a>\r\n                    <\/li>\r\n                                \r\n                            <li class=\"link-item\">\r\n                        <a href=\"https:\/\/proylex.com\/en\/modelado-3d-avanzado\/\" target=\"_blank\">\r\n                            <span>Modelado 3D Avanzado<\/span>\r\n                        <\/a>\r\n                    <\/li>\r\n                                \r\n                            <li class=\"link-item\">\r\n                        <a href=\"https:\/\/proylex.com\/en\/modelado-bim-en-revit\/\">\r\n                            <span>Modelado BIM en Revit<\/span>\r\n                        <\/a>\r\n                    <\/li>\r\n                                \r\n                            <li class=\"link-item\">\r\n                        <a href=\"https:\/\/proylex.com\/en\/civil-3d-carreteras-y-obras-lineales\/\">\r\n                            <span>Civil 3D \u2013 Carreteras y Obras Lineales<\/span>\r\n                        <\/a>\r\n                    <\/li>\r\n                                \r\n                            <li class=\"link-item\">\r\n                        <a href=\"https:\/\/proylex.com\/en\/topografia-y-superficies\/\">\r\n                            <span>Topograf\u00eda y Superficies<\/span>\r\n                        <\/a>\r\n                    <\/li>\r\n                                \r\n                            <li class=\"link-item\">\r\n                        <a href=\"https:\/\/proylex.com\/en\/planos-electricos-y-de-detalle-para-energias-renovables-y-redes-hv\/\">\r\n                            <span>Planos el\u00e9ctricos y de detalle para energ\u00edas renovables y redes HV <\/span>\r\n                        <\/a>\r\n                    <\/li>\r\n                                \r\n                            <li class=\"link-item\">\r\n                        <a href=\"https:\/\/proylex.com\/en\/servicios-de-apoyo-tecnico\/\">\r\n                            <span>Servicios de apoyo t\u00e9cnico<\/span>\r\n                        <\/a>\r\n                    <\/li>\r\n                                \r\n            <\/ul>\r\n\t\t\t\t<\/div>\n\t\t\t\t<\/div>\n\t\t\t\t<div class=\"elementor-element elementor-element-629d118 pxl-banner-layout-2 pxl-wg-bd-anm-no elementor-invisible pxl-elementor-animate elementor-widget elementor-widget-pxl_banner\" data-id=\"629d118\" data-element_type=\"widget\" data-settings=\"{&quot;_animation&quot;:&quot;fadeInUp&quot;}\" data-widget_type=\"pxl_banner.default\">\n\t\t\t\t<div class=\"elementor-widget-container\">\n\t\t\t\t\t<div class=\"pxl-banner layout-2\">\r\n    <div class=\"banner-inner relative overflow-hidden pxl-parallax-background\">\r\n        <img data-opt-id=2099789833  data-opt-src=\"https:\/\/ml4anbow0bf5.i.optimole.com\/w:596\/h:500\/q:mauto\/f:best\/https:\/\/proylex.com\/wp-content\/uploads\/2022\/12\/service-detail-img4s.jpg\"  loading=\"lazy\" decoding=\"async\" class=\"\" src=\"data:image/svg+xml,%3Csvg%20viewBox%3D%220%200%20596%20500%22%20width%3D%22596%22%20height%3D%22500%22%20xmlns%3D%22http%3A%2F%2Fwww.w3.org%2F2000%2Fsvg%22%3E%3Crect%20width%3D%22596%22%20height%3D%22500%22%20fill%3D%22transparent%22%2F%3E%3C%2Fsvg%3E\" width=\"596\" height=\"500\" alt=\"service-detail-img4s\" title=\"service-detail-img4s\" \/>            <div class=\"img-box parallax-inner\" style=\"background-image: url('https:\/\/ml4anbow0bf5.i.optimole.com\/w:auto\/h:auto\/q:mauto\/f:best\/http:\/\/proylex.com\/wp-content\/uploads\/2022\/12\/service-detail-img4s.jpg');\" ><\/div>\r\n                <div class=\"pxl-overlay\"><\/div>\r\n        <div class=\"bn-content text-center absolute\">\r\n                            <a href=\"#\">\r\n                                        <div class=\"bn-title\" data-parallax='{\"y\": -30}'>\u00a1Escr\u00edbenos ahora para comenzar!<\/div>\r\n             \r\n                            <\/a>\r\n                    <\/div>\r\n    <\/div>\r\n<\/div>\t\t\t\t<\/div>\n\t\t\t\t<\/div>\n\t\t\t\t<div class=\"elementor-element elementor-element-878c95a pxl-fancybox-layout-6 pxl-wg-bd-anm-no elementor-invisible pxl-elementor-animate elementor-widget elementor-widget-pxl_fancy_box\" data-id=\"878c95a\" data-element_type=\"widget\" data-settings=\"{&quot;_animation&quot;:&quot;fadeInUp&quot;}\" data-widget_type=\"pxl_fancy_box.default\">\n\t\t\t\t<div class=\"elementor-widget-container\">\n\t\t\t\t\t \r\n<div class=\"pxl-fancybox-wrap layout-6\">\r\n    <div class=\"fancybox-inner relative\">\r\n                    <div class=\"title pxl-heading\">\r\n                658 718 191<br \/>\n            <\/div>\r\n                        <div class=\"desc\">\r\n            Impact Hub Madrid, Calle de Serrano 99, Madrid<br \/>\n        <\/div>\r\n                <a class=\"btn pxl-btn\" href=\"https:\/\/proylex.com\/en\/contact-2\/\" target=\"_blank\">\u00a1Cont\u00e1ctanos ahora!<\/a>    <\/div>  \r\n<\/div>\r\n \r\n\r\n\r\n\r\n\t\t\t\t<\/div>\n\t\t\t\t<\/div>\n\t\t            <\/div>\r\n        <\/div>\r\n        \t\t\t<\/div>\n\t\t<\/section>\n\t\t        <section class=\"elementor-section elementor-top-section elementor-element elementor-element-20178e5 pxl-section-overflow-hidden-yes elementor-section-boxed elementor-section-height-default elementor-section-height-default pxl-section-line-left-no pxl-section-line-right-no pxl-section-static-pos-no\" data-id=\"20178e5\" data-element_type=\"section\">\n\n        <div class=\"pxl-section-bg-parallax\" data-parallax=\"{&quot;y&quot;:-100}\"><\/div>        \n                <div class=\"elementor-container elementor-column-gap-default\">\n                <div class=\"elementor-column elementor-col-100 elementor-top-column elementor-element elementor-element-3a619cc pxl-column-element-default pxl-column-overflow-hidden-no\" data-id=\"3a619cc\" data-element_type=\"column\">\r\n        <div class=\"elementor-widget-wrap elementor-element-populated\">\r\n                     \r\n        \t\t<div class=\"elementor-element elementor-element-44c510b pxl-wg-bd-anm-no elementor-widget elementor-widget-pxl_heading\" data-id=\"44c510b\" data-element_type=\"widget\" data-widget_type=\"pxl_heading.default\">\n\t\t\t\t<div class=\"elementor-widget-container\">\n\t\t\t\t\t<div class=\"pxl-heading-wrap d-flex\">\n    <div class=\"pxl-heading-inner center\">\n                <h2 class=\"heading-title pxl-split-text split-in-up\">\n            \u00bfQuieres <span class=\"text-primary\">contratarnos<\/span>?        <\/h2>\n            <\/div>\n<\/div>\n\n\t\t\t\t<\/div>\n\t\t\t\t<\/div>\n\t\t\t\t<div class=\"elementor-element elementor-element-a5a8e7b elementor-align-center pxl-wg-bd-anm-no elementor-invisible pxl-elementor-animate elementor-widget elementor-widget-pxl_button\" data-id=\"a5a8e7b\" data-element_type=\"widget\" data-settings=\"{&quot;_animation&quot;:&quot;fadeInUp&quot;}\" data-widget_type=\"pxl_button.default\">\n\t\t\t\t<div class=\"elementor-widget-container\">\n\t\t\t\t\t<div id=\"pxl_button-a5a8e7b-5073\" class=\"pxl-button-wrapper d-flex-wrap pxl-button-layout1\" >\r\n            <a href=\"https:\/\/proylex.com\/en\/contact-2\/\" class=\"pxl-btn outline-under draw icon-ps-right\">\r\n             \r\n                <span class=\"draw-top-right\"><\/span>\r\n                <span class=\"draw-bottom-left\"><\/span>\r\n                                    <span class=\"pxl-button-text\">Cont\u00e1ctanos<\/span>\r\n                    <\/a>\r\n    <\/div>\t\t\t\t<\/div>\n\t\t\t\t<\/div>\n\t\t            <\/div>\r\n        <\/div>\r\n        \t\t\t<\/div>\n\t\t<\/section>\n\t\t        <section class=\"elementor-section elementor-top-section elementor-element elementor-element-0346a94 elementor-section-full_width elementor-section-height-default elementor-section-height-default pxl-section-offset-none pxl-section-line-left-no pxl-section-line-right-no pxl-section-static-pos-no pxl-section-overflow-hidden-no\" data-id=\"0346a94\" data-element_type=\"section\">\n\n                \n                <div class=\"elementor-container elementor-column-gap-default\">\n                <div class=\"elementor-column elementor-col-100 elementor-top-column elementor-element elementor-element-be5f8b7 pxl-column-element-default pxl-column-overflow-hidden-no\" data-id=\"be5f8b7\" data-element_type=\"column\">\r\n        <div class=\"elementor-widget-wrap elementor-element-populated\">\r\n                     \r\n        \t\t<div class=\"elementor-element elementor-element-01c6977 pxl-wg-bd-anm-no elementor-widget elementor-widget-pxl_title_effect\" data-id=\"01c6977\" data-element_type=\"widget\" data-widget_type=\"pxl_title_effect.default\">\n\t\t\t\t<div class=\"elementor-widget-container\">\n\t\t\t\t\t\t<div class=\"pxl-title-effect scroll-parallax pxl-type-gradient\">\n\t\t<div class=\"pxl-title-inner-wrap\">\n\t\t\t<div class=\"pxl-title-inner\">\n\t\t\t\t<div class=\"pxl-item-title\" data-parallax=\"{&quot;x&quot;:500}\" data-center=\"true\">Proylex<\/div>\n\t\t\t\t\t\t\t<\/div>\n\t\t<\/div>\n\t<\/div> \n\t\t\t\t<\/div>\n\t\t\t\t<\/div>\n\t\t\t\t<div class=\"elementor-element elementor-element-4b9272f pxl-wg-bd-anm-no elementor-widget elementor-widget-spacer\" data-id=\"4b9272f\" data-element_type=\"widget\" data-widget_type=\"spacer.default\">\n\t\t\t\t<div class=\"elementor-widget-container\">\n\t\t\t\t\t\t\t<div class=\"elementor-spacer\">\n\t\t\t<div class=\"elementor-spacer-inner\"><\/div>\n\t\t<\/div>\n\t\t\t\t\t\t<\/div>\n\t\t\t\t<\/div>\n\t\t            <\/div>\r\n        <\/div>\r\n        \t\t\t<\/div>\n\t\t<\/section>\n\t\t        <section class=\"elementor-section elementor-top-section elementor-element elementor-element-6ccd60e elementor-section-content-middle elementor-section-boxed elementor-section-height-default elementor-section-height-default pxl-section-line-left-no pxl-section-line-right-no pxl-section-static-pos-no pxl-section-overflow-hidden-no\" data-id=\"6ccd60e\" data-element_type=\"section\">\n\n                \n                <div class=\"elementor-container elementor-column-gap-default\">\n                <div class=\"elementor-column elementor-col-25 elementor-top-column elementor-element elementor-element-f565890 pxl-column-element-default pxl-column-overflow-hidden-no\" data-id=\"f565890\" data-element_type=\"column\">\r\n        <div class=\"elementor-widget-wrap\">\r\n                     \r\n                    <\/div>\r\n        <\/div>\r\n                <div class=\"elementor-column elementor-col-25 elementor-top-column elementor-element elementor-element-2fce9e5 pxl-column-element-default pxl-column-overflow-hidden-no\" data-id=\"2fce9e5\" data-element_type=\"column\">\r\n        <div class=\"elementor-widget-wrap\">\r\n                     \r\n                    <\/div>\r\n        <\/div>\r\n                <div class=\"elementor-column elementor-col-25 elementor-top-column elementor-element elementor-element-57f6ddb pxl-column-element-default pxl-column-overflow-hidden-no\" data-id=\"57f6ddb\" data-element_type=\"column\">\r\n        <div class=\"elementor-widget-wrap\">\r\n                     \r\n                    <\/div>\r\n        <\/div>\r\n                <div class=\"elementor-column elementor-col-25 elementor-top-column elementor-element elementor-element-4ecc97e pxl-column-element-default pxl-column-overflow-hidden-no\" data-id=\"4ecc97e\" data-element_type=\"column\">\r\n        <div class=\"elementor-widget-wrap\">\r\n                     \r\n                    <\/div>\r\n        <\/div>\r\n        \t\t\t<\/div>\n\t\t<\/section>\n\t\t\t\t<\/div>","protected":false},"excerpt":{"rendered":"<p>En PROYLEX ofrecemos soporte t\u00e9cnico externo para empresas que necesitan aumentar su capacidad de delineaci\u00f3n, modelado o documentaci\u00f3n sin contratar personal adicional.Nos integramos a tu flujo de trabajo como parte del equipo, con entregas r\u00e1pidas, est\u00e1ndares claros y confidencialidad absoluta. \u00bfComo se trabaja? Revisamos, corregimos y optimizamos planos o modelos CAD\/BIM, asegurando orden, coherencia gr\u00e1fica, [&hellip;]<\/p>","protected":false},"author":1,"featured_media":0,"parent":0,"menu_order":0,"comment_status":"closed","ping_status":"closed","template":"","meta":{"iawp_total_views":1,"footnotes":""},"class_list":["post-10646","page","type-page","status-publish","hentry"],"acf":[],"_links":{"self":[{"href":"https:\/\/proylex.com\/en\/wp-json\/wp\/v2\/pages\/10646","targetHints":{"allow":["GET"]}}],"collection":[{"href":"https:\/\/proylex.com\/en\/wp-json\/wp\/v2\/pages"}],"about":[{"href":"https:\/\/proylex.com\/en\/wp-json\/wp\/v2\/types\/page"}],"author":[{"embeddable":true,"href":"https:\/\/proylex.com\/en\/wp-json\/wp\/v2\/users\/1"}],"replies":[{"embeddable":true,"href":"https:\/\/proylex.com\/en\/wp-json\/wp\/v2\/comments?post=10646"}],"version-history":[{"count":13,"href":"https:\/\/proylex.com\/en\/wp-json\/wp\/v2\/pages\/10646\/revisions"}],"predecessor-version":[{"id":10708,"href":"https:\/\/proylex.com\/en\/wp-json\/wp\/v2\/pages\/10646\/revisions\/10708"}],"wp:attachment":[{"href":"https:\/\/proylex.com\/en\/wp-json\/wp\/v2\/media?parent=10646"}],"curies":[{"name":"wp","href":"https:\/\/api.w.org\/{rel}","templated":true}]}}